{"id":1275,"date":"2025-05-08T20:40:35","date_gmt":"2025-05-08T17:40:35","guid":{"rendered":"https:\/\/ifade.org.tr\/en\/?page_id=1275"},"modified":"2025-05-16T13:30:56","modified_gmt":"2025-05-16T10:30:56","slug":"joint-open-letter-to-social-media-companies-on-censorship-in-turkiye","status":"publish","type":"page","link":"https:\/\/ifade.org.tr\/en\/press-releases-announcements\/joint-open-letter-to-social-media-companies-on-censorship-in-turkiye\/","title":{"rendered":"Joint Open Letter to Social Media Companies on Censorship in T\u00fcrkiye"},"content":{"rendered":"\t\t<div data-elementor-type=\"wp-page\" data-elementor-id=\"1275\" class=\"elementor elementor-1275\">\n\t\t\t\t\t\t<section class=\"elementor-section elementor-top-section elementor-element elementor-element-16232178 elementor-section-boxed elementor-section-height-default elementor-section-height-default\" data-id=\"16232178\" data-element_type=\"section\" data-e-type=\"section\">\n\t\t\t\t\t\t<div class=\"elementor-container elementor-column-gap-default\">\n\t\t\t\t\t<div class=\"elementor-column elementor-col-100 elementor-top-column elementor-element elementor-element-5935fe1\" data-id=\"5935fe1\" data-element_type=\"column\" data-e-type=\"column\">\n\t\t\t<div class=\"elementor-widget-wrap elementor-element-populated\">\n\t\t\t\t\t\t<div class=\"elementor-element elementor-element-b1f3487 elementor-widget elementor-widget-image\" data-id=\"b1f3487\" data-element_type=\"widget\" data-e-type=\"widget\" data-widget_type=\"image.default\">\n\t\t\t\t<div class=\"elementor-widget-container\">\n\t\t\t\t\t\t\t\t\t\t\t\t\t\t\t<img fetchpriority=\"high\" decoding=\"async\" width=\"700\" height=\"263\" src=\"https:\/\/ifade.org.tr\/en\/wp-content\/uploads\/2025\/05\/A19_IFOD_HRW_logo-768x288.png\" class=\"attachment-medium_large size-medium_large wp-image-1277\" alt=\"\" srcset=\"https:\/\/ifade.org.tr\/en\/wp-content\/uploads\/2025\/05\/A19_IFOD_HRW_logo-768x288.png 768w, https:\/\/ifade.org.tr\/en\/wp-content\/uploads\/2025\/05\/A19_IFOD_HRW_logo-300x113.png 300w, https:\/\/ifade.org.tr\/en\/wp-content\/uploads\/2025\/05\/A19_IFOD_HRW_logo-1024x384.png 1024w, https:\/\/ifade.org.tr\/en\/wp-content\/uploads\/2025\/05\/A19_IFOD_HRW_logo-1536x576.png 1536w, https:\/\/ifade.org.tr\/en\/wp-content\/uploads\/2025\/05\/A19_IFOD_HRW_logo-700x263.png 700w, https:\/\/ifade.org.tr\/en\/wp-content\/uploads\/2025\/05\/A19_IFOD_HRW_logo.png 1600w\" sizes=\"(max-width: 700px) 100vw, 700px\" \/>\t\t\t\t\t\t\t\t\t\t\t\t\t\t\t<\/div>\n\t\t\t\t<\/div>\n\t\t\t\t<div class=\"elementor-element elementor-element-7ca4b661 elementor-widget elementor-widget-text-editor\" data-id=\"7ca4b661\" data-element_type=\"widget\" data-e-type=\"widget\" data-widget_type=\"text-editor.default\">\n\t\t\t\t<div class=\"elementor-widget-container\">\n\t\t\t\t\t\t\t\t\t<p><strong style=\"font-size: 1rem;\">May 8, 2025<\/strong><\/p>\n<p><!-- \/wp:paragraph --><!-- wp:paragraph --><\/p>\n<p><strong>To:<\/strong><br \/>Mark Zuckerberg<br \/>Chief Executive Officer, Meta<\/p>\n<p><!-- \/wp:paragraph --><!-- wp:paragraph --><\/p>\n<p>Shou Zi Chew<br \/>Chief Executive Officer, TikTok<\/p>\n<p><!-- \/wp:paragraph --><!-- wp:paragraph --><\/p>\n<p>Neal Mohan<br \/>Chief Executive Officer, YouTube<\/p>\n<p><!-- \/wp:paragraph --><!-- wp:paragraph --><\/p>\n<p>Linda Yaccarino<br \/>Chief Executive Officer, X<\/p>\n<p><!-- \/wp:paragraph --><!-- wp:paragraph --><\/p>\n<p>We the undersigned civil society organizations urge your companies to uphold the right to freedom of expression of your users in T\u00fcrkiye and resist Turkish state censorship that restricts expression protected under international human rights law. This censorship comes amid nationwide anti-government protests following the detention of Istanbul Mayor Ekrem \u0130mamo\u011flu along with 84 other municipal officials and politicians on March 19, 2025. On May 8, Imamoglu\u2019s Turkish-language X account followed by 9.7 million people became the latest target of state censorship when X complied with a court order to <a href=\"https:\/ifade.org.tr\/engelliweb\/ekrem-imamoglunun-x-hesabi-erisime-engellendi\/\">restrict<\/a> it.<\/p>\n<p><!-- \/wp:paragraph --><!-- wp:paragraph --><\/p>\n<p>Social media remains one of the last means through which people have access to independent news and can share their opinions with relative freedom in T\u00fcrkiye. Heightened state censorship and social media companies\u2019 compliance with government pressure risk obliterating this vital space. In light of the broad crackdown on free expression in T\u00fcrkiye, it is even more crucial that social media companies take a firm, united stance against pressure to restrict expression protected under international human rights law.<\/p>\n<p><!-- \/wp:paragraph --><!-- wp:paragraph --><\/p>\n<p>Immediately after the detentions on March 19, internet users in Istanbul experienced bandwidth reduction (internet throttling), restricting access to social media platforms and messaging apps for <a href=\"https:\/\/www.diken.com.tr\/ifod-sosyal-medyayi-etkileyen-bant-genisligi-daraltmasi-sona-erdi\/\">42 hours<\/a>. Neither the authorities nor the companies provided any clarification regarding the reasons for these restrictions or the decision to lift them.<\/p>\n<p><!-- \/wp:paragraph --><!-- wp:paragraph --><\/p>\n<p>Amid growing protests, the Information Technologies Authority (BTK) <a href=\"https:\/\/x.com\/GlobalAffairs\/status\/1903879657755230507?ref_src=twsrc%5Etfw%7Ctwcamp%5Etweetembed%7Ctwterm%5E1903879657755230507%7Ctwgr%5E26fb64c71b7e88881341892195ad993702dd5026%7Ctwcon%5Es1_&amp;ref_url=https%3A%2F%2Fwww.bbc.com%2Fturkce%2Farticles%2Fcn8rn5pjv2po\">started issuing blocking orders<\/a> for social media accounts of student groups, journalists, civil society organizations, women\u2019s rights groups and human rights defenders. The orders, <a href=\"https:\/\/transparency.meta.com\/reports\/content-restrictions\/case-studies\/\">based on<\/a> article <a href=\"https:\/\/mevzuat.gov.tr\/mevzuat?MevzuatNo=5651&amp;MevzuatTur=1&amp;MevzuatTertip=5\">8\/A of T\u00fcrkiye\u2019s Law No. 5651<\/a>, appear to particularly target accounts that share information and updates on the protest along with those who post content critical of the government. \u0130F\u00d6D\u2019s EngelliWeb project documented 471 X accounts blocked from March 19 \u2013 April 12, affecting 17.2 million followers &#8211; ranging from high-profile figures like journalist Erk Acarer (1.2M followers) to grassroots groups like Kad\u0131n Cinayetlerini Durduraca\u011f\u0131z (181K). The BTK\u2019s focus on students (at least 57 accounts, with 1.2M total followers) and women\u2019s groups (at least 22, 500K total followers) aims to choke protest coordination and feminist dissent. Some of the accounts suspended had less than 10 followers. Others had no followers at all. Imamo\u011flu\u2019s account was blocked following another 8\/A order dated April 24, which cited the protection of \u2018national security\u2019 and \u2018public order\u2019. The range of accounts suspended indicates the indiscriminate nature of the crackdown.<\/p>\n<p><!-- \/wp:paragraph --><!-- wp:paragraph --><\/p>\n<p>This is yet <a href=\"https:\/\/www.hrw.org\/news\/2024\/03\/04\/turkiye-big-tech-should-protect-online-expression-resist-censorship\">another attempt <\/a>from Turkish authorities to control social media platforms through use of the restrictive internet law in critical times or times of unrest. We have previously <a href=\"https:\/\/www.hrw.org\/news\/2024\/03\/04\/turkiye-big-tech-should-protect-online-expression-resist-censorship\">documented<\/a> intensifying efforts by\u00a0<a href=\"https:\/\/www.hrw.org\/europe\/central-asia\/turkey\">Turkish<\/a>\u00a0authorities to control social media platforms through demands that they block content critical of the government, including ahead of <a href=\"https:\/\/www.hrw.org\/news\/2023\/05\/10\/questions-and-answers-turkeys-control-internet-and-upcoming-election#_Toc134065371\">elections<\/a>. We had also issued tailored recommendations to social media companies to navigate the legal pressure, potential human rights impact of government sanctions and increase resilience and transparency. Yet, social media companies\u2019 responses have not aligned with these recommendations.\u00a0<\/p>\n<p><!-- \/wp:paragraph --><!-- wp:paragraph --><\/p>\n<p>On March 23, X <a href=\"https:\/\/x.com\/GlobalAffairs\/status\/1903879657755230507\">issued a statement<\/a> saying that it objected to \u2018multiple court orders from the BTK to block over 700 accounts of news organizations, journalists, political figures, students, and others within T\u00fcrkiye<strong>.\u2019 <\/strong>On March 26, X <a href=\"https:\/\/x.com\/GlobalAffairs\/status\/1904865920042045668\">announced<\/a> that it had filed an individual application before the Constitutional Court challenging an order by the BTK to block 126 accounts. However, that order was from early February 2025, and \u0130F\u00d6D lawyers challenged that decision with regards to Art\u0131 Ger\u00e7ek\u2019s X account prior to the current wave of protests, rendering X\u2019s response inadequate. As noted above, \u0130F\u00d6D documented that at least 471 accounts were blocked post-March 19, with no further appeals reported.<\/p>\n<p><!-- \/wp:paragraph --><!-- wp:paragraph --><\/p>\n<p>On May 8, X <a href=\"https:\/\/x.com\/GlobalAffairs\/status\/1920426409358455081\">published<\/a>\u00a0the court order they received to block \u0130mamo\u011flu\u2019s account, stating that they would challenge it in court, emphasizing their strong disagreement and explaining their rationale for compliance.<\/p>\n<p><!-- \/wp:paragraph --><!-- wp:paragraph --><\/p>\n<p>Moreover, in April 2025, Meta published a <a href=\"https:\/\/transparency.meta.com\/reports\/content-restrictions\/case-studies\">case study<\/a> outlining how the company responded to hundreds of requests from the BTK concerning \u201ccontent alleged to violate Turkish law.\u201d The case study notes that the content was reported under article 8\/A of Law No. 5651 but does not specify whether the requests came in the form of a court order. In response, Meta said it restricted access to posts, pages, profiles, and groups on Facebook and Instagram that were critical of the government, or that featured content related to the LGBTQ community, music groups, feminist organizations, and <a href=\"https:\/\/www.cumhuriyet.com.tr\/haber\/sedat-pekerden-sosyal-medya-erisimine-iliskin-aciklama-gerekirse-dumanla-1847285\">Sedat Peker<\/a>. The company stated it took no action on multiple court orders to block content related to recent protests. Politico, however, <a href=\"https:\/\/www.politico.eu\/article\/meta-turkey-gag-turkish-government-mayor-ekrem-imamoglu\/\">reported<\/a> that Meta has been fined a \u201csubstantial\u201d amount for not complying with government requests to restrict content.\u00a0\u00a0<\/p>\n<p><!-- \/wp:paragraph --><!-- wp:paragraph --><\/p>\n<p>\u0130F\u00d6D\u2019s EngelliWeb project <a href=\"https:\/\/ifade.org.tr\/engelliweb\/bluesky-bircok-hesabi-turkiyeden-gorunmez-kildi\/\">documented<\/a> that Bluesky restricted access to 13 accounts and one post on Turkey since April 17, 2025. It is not clear which specific content posted by these accounts led to their restriction.<\/p>\n<p><!-- \/wp:paragraph --><!-- wp:paragraph --><\/p>\n<p>Meta, TikTok, YouTube and X have all faced pressure in T\u00fcrkiye. In 2021, these companies appointed legal entities in T\u00fcrkiye to comply with Law No. 5651. The pressure significantly <a href=\"https:\/\/www.hrw.org\/news\/2022\/10\/14\/turkey-dangerous-dystopian-new-legal-amendments\">intensified<\/a> with legal amendments to the same law in 2022, which increased the sanctions companies can face for failure to comply with content removal and account blocking requests.<\/p>\n<p><!-- \/wp:paragraph --><!-- wp:paragraph --><\/p>\n<p>While companies\u2019 compliance with these requests during and after the March 2025 protests are unclear, the companies\u2019 most recent transparency reports indicate high compliance rate with removal requests. <a href=\"https:\/\/transparency.meta.com\/reports\/regulatory-transparency-reports\/\">Meta\u2019s<\/a> January-June 2024 and July-December 2024 transparency reports shows Instagram complied with 79.15% and Facebook complied with 42% of content removal requests from Turkish judicial and administrative authorities. The nature of the content is not specified in the reports. <a href=\"https:\/\/www.tiktok.com\/transparency\/en\/government-removal-requests-2024-1\">TikTok\u2019s January-June 2024 transparency report <\/a>shows it complied with 91.8% of Turkish removal requests. Google does not report on its compliance rate for YouTube specifically, but its overall compliance rate with BTK requests for all Google products for <a href=\"https:\/\/transparencyreport.google.com\/government-removals\/government-requests\/TR?hl=en&amp;lu=removal_compliance_rate&amp;country_request_amount=group_by:products&amp;country_item_amount=group_by:products&amp;removal_compliance_rate=requestor:4\">July-December 2024<\/a> was 77.5%. X <a href=\"https:\/\/transparency.x.com\/en\/reports\/global-reports\/2025-transparency-report\">reported<\/a> an 85.66% compliance rate with government requests from T\u00fcrkiye in the second half of 2024, up from 68% in the first half of 2024.\u00a0 These numbers are worrying at the very least.<\/p>\n<p><!-- \/wp:paragraph --><!-- wp:paragraph --><\/p>\n<p><strong>Recommendations<\/strong><\/p>\n<p><!-- \/wp:paragraph --><!-- wp:paragraph --><\/p>\n<p>Under the United Nations Guiding Principles on Business and Human Rights (UNGPs), social media companies have a responsibility to respect human rights, which includes resisting government pressure to restrict freedom of expression in ways that violate international human rights law. The undersigned organizations call on your companies to review all ongoing responses to ensure all the following measures are integrated and robustly implemented and monitored:\u00a0<\/p>\n<p><!-- \/wp:paragraph --><!-- wp:list --><\/p>\n<ul class=\"wp-block-list\">\n<li style=\"list-style-type: none;\">\n<ul class=\"wp-block-list\"><!-- wp:list-item --><\/ul>\n<\/li>\n<\/ul>\n<ul class=\"wp-block-list\">\n<li style=\"list-style-type: none;\">\n<ul class=\"wp-block-list\">\n<li>Require that any requests to block content are presented by the Turkish authorities in written form so that they can be assessed against international legal standards on freedom of expression, company policy, and local law.<\/li>\n<\/ul>\n<\/li>\n<\/ul>\n<p><!-- \/wp:list-item --><!-- wp:list-item --><\/p>\n<ul class=\"wp-block-list\">\n<li style=\"list-style-type: none;\">\n<ul class=\"wp-block-list\">\n<li>Require that Turkish authorities provide the reasoning and evidence supporting any blocking request under article 8\/A of the Law no 5651, including an explanation of why the content in question poses a clear, serious and imminent danger to the right to life, public health, national security, prevention of crime, public order and other reasons listed in the law.<\/li>\n<\/ul>\n<\/li>\n<\/ul>\n<p><!-- \/wp:list-item --><!-- wp:list-item --><\/p>\n<ul class=\"wp-block-list\">\n<li style=\"list-style-type: none;\">\n<ul class=\"wp-block-list\">\n<li>Assess blocking orders against international freedom of expression standards, considering in particular that political speech enjoys the highest level of protection.<\/li>\n<\/ul>\n<\/li>\n<\/ul>\n<p><!-- \/wp:list-item --><!-- wp:list-item --><\/p>\n<ul class=\"wp-block-list\">\n<li style=\"list-style-type: none;\">\n<ul class=\"wp-block-list\">\n<li>Resist complying with blocking orders that restrict access to protected expression, including by challenging them in court and limiting the scope and duration of implementation.\u00a0<\/li>\n<\/ul>\n<\/li>\n<\/ul>\n<p><!-- \/wp:list-item --><!-- wp:list-item --><\/p>\n<ul class=\"wp-block-list\">\n<li style=\"list-style-type: none;\">\n<ul class=\"wp-block-list\">\n<li>Be transparent about government requests for censorship. This includes notifying users immediately that content is not available at the URL where the content was hosted, the reason for its blocking (e.g., a government or court order) and publishing the order (including through the Lumens database) and case studies, when relevant. Publicizing these actions expeditiously is key to holding governments accountable and mitigating isolated, informal pressure.<\/li>\n<\/ul>\n<\/li>\n<\/ul>\n<p><!-- \/wp:list-item --><!-- wp:list-item --><\/p>\n<ul class=\"wp-block-list\">\n<li style=\"list-style-type: none;\">\n<ul class=\"wp-block-list\">\n<li>Engage with other companies to share information about formal and informal government pressure and commit to taking a united stance against particularly excessive censorship demands, particularly during periods of political protest.<\/li>\n<\/ul>\n<\/li>\n<\/ul>\n<p><!-- \/wp:list-item --><!-- wp:list-item --><\/p>\n<ul class=\"wp-block-list\">\n<li style=\"list-style-type: none;\">\n<ul class=\"wp-block-list\">\n<li>Engage with Turkish\u00a0civil society\u00a0for a better understanding of the implications of company policy and practices, the relevance of content or accounts that are subject to blocking orders, as well as the actual threat and implications of sanctions.<\/li>\n<\/ul>\n<\/li>\n<\/ul>\n<p><!-- \/wp:list-item --><\/p>\n<p><!-- \/wp:list --><!-- wp:paragraph --><\/p>\n<p><strong>Background on the protests<\/strong><\/p>\n<p><!-- \/wp:paragraph --><!-- wp:paragraph --><\/p>\n<p>The crackdown on social media is part of a broader effort to quell peaceful protest and dissent. Immediately after the detentions on March 19, hundreds of thousands of people have taken to the streets across the country. Authorities responded with blanket protest bans in Istanbul and followed by bans in Izmir and Ankara on March 21. \u0130mamo\u011flu was <a href=\"https:\/\/www.hrw.org\/news\/2025\/03\/24\/turkiye-court-jails-istanbul-mayor\">remanded in pre-trial detention<\/a> on 23 March, the same day his Republican People\u2019s Party (CHP) nominated him as their presidential candidate.\u00a0<\/p>\n<p><!-- \/wp:paragraph --><!-- wp:paragraph --><\/p>\n<p>The mass protests continued in the face of heavy-handed government response including the use of unlawful and indiscriminate force by the police during the arrest of protestors and a dozen journalists who were later released. At the time of writing, <a href=\"https:\/\/www.hrw.org\/news\/2025\/04\/17\/turkiye-students-journalists-trial-protest\">819 people<\/a> are facing prosecution in the scope of 20 criminal investigations into protests.<\/p>\n<p><!-- \/wp:paragraph --><!-- wp:paragraph --><\/p>\n<p>As part of the protests, opposition parties and student groups called for economic boycotts of businesses with ties to the government, as well as a one-day shopping boycott on April 2. On April 3, Istanbul Chief Public Prosecutor&#8217;s Office <a href=\"https:\/\/www.birgun.net\/haber\/boykota-destek-veren-16-kisi-hakkinda-gozalti-karari-11-i-adli-kontrolle-serbest-612297\">issued arrest warrants for 16 people<\/a>, including actors, over social media posts supporting a one-day shopping boycott, based on allegations of promoting \u201chatred and discrimination\u201d and \u201cinciting hatred and hostility.\u201d All were released but face criminal charges.\u00a0<\/p>\n<p><!-- \/wp:paragraph --><!-- wp:paragraph --><\/p>\n<p><strong>Turkey\u2019s Internet Law<\/strong><\/p>\n<p><!-- \/wp:paragraph --><!-- wp:paragraph --><\/p>\n<p>T\u00fcrkiye\u2019s government has amassed a vast arsenal of digital censorship tools to control the internet and silence opposing voices. The <a href=\"https:\/\/www.article19.org\/resources\/turkey-twitter-becomes-latest-company-to-comply-with-repressive-social-media-law\/\">2020<\/a> and <a href=\"https:\/\/www.article19.org\/resources\/turkey-dangerous-dystopian-new-legal-amendments\/\">2022 amendments<\/a> to T\u00fcrkiye\u2019s Law on the Regulation of Internet Broadcasts and Prevention of Crimes Committed through such Broadcasts (law no. 5651) imposes heavy fines and possible bandwidth reduction for social media companies for failure to comply with takedown requests.<\/p>\n<p><!-- \/wp:paragraph --><!-- wp:paragraph --><\/p>\n<p>In August 2024, Turkish authorities arbitrarily blocked Instagram for eight days without an official explanation. T\u00fcrkiye has previously blocked access in the country to Twitter, YouTube, Wikipedia, Google Sites. In July and August 2024, the authorities also blocked access to the popular Wattpad, Roblox and Discord platforms.\u00a0<\/p>\n<p><!-- \/wp:paragraph --><!-- wp:paragraph --><\/p>\n<p>In the face of heightened pressure, social media companies have been showing greater willingness to succumb to government demands. In the lead-up to the 2023 presidential elections, <a href=\"https:\/\/x.com\/GlobalAffairs\/status\/1658208072215437314\">X<\/a> and <a href=\"https:\/\/transparency.meta.com\/reports\/content-restrictions\/case-studies\/\">Meta<\/a> admitted they complied with government requests to block content, in response to throttling threats from Turkish authorities.<\/p>\n<div>\n<p>Signatories:\u00a0<\/p>\n<\/div>\n<ul>\n<li>ARTICLE 19\u00a0<\/li>\n<li>Freedom of Expression Association (\u0130F\u00d6D)\u00a0<\/li>\n<li>Human Rights Watch\u00a0<\/li>\n<\/ul>\t\t\t\t\t\t\t\t<\/div>\n\t\t\t\t<\/div>\n\t\t\t\t\t<\/div>\n\t\t<\/div>\n\t\t\t\t\t<\/div>\n\t\t<\/section>\n\t\t\t\t<\/div>\n\t\t","protected":false},"excerpt":{"rendered":"<p>May 8, 2025 To:Mark ZuckerbergChief Executive Officer, Meta Shou Zi ChewChief Executive Officer, TikTok Neal MohanChief Executive Officer, YouTube Linda YaccarinoChief Executive Officer, X We the undersigned civil society organizations urge your companies to uphold the right to freedom of expression of your users in T\u00fcrkiye and resist Turkish state censorship that restricts expression protected [&hellip;]<\/p>\n","protected":false},"author":1,"featured_media":0,"parent":87,"menu_order":0,"comment_status":"closed","ping_status":"closed","template":"templates\/full-width-page.php","meta":{"footnotes":""},"class_list":["post-1275","page","type-page","status-publish","hentry"],"_links":{"self":[{"href":"https:\/\/ifade.org.tr\/en\/wp-json\/wp\/v2\/pages\/1275","targetHints":{"allow":["GET"]}}],"collection":[{"href":"https:\/\/ifade.org.tr\/en\/wp-json\/wp\/v2\/pages"}],"about":[{"href":"https:\/\/ifade.org.tr\/en\/wp-json\/wp\/v2\/types\/page"}],"author":[{"embeddable":true,"href":"https:\/\/ifade.org.tr\/en\/wp-json\/wp\/v2\/users\/1"}],"replies":[{"embeddable":true,"href":"https:\/\/ifade.org.tr\/en\/wp-json\/wp\/v2\/comments?post=1275"}],"version-history":[{"count":19,"href":"https:\/\/ifade.org.tr\/en\/wp-json\/wp\/v2\/pages\/1275\/revisions"}],"predecessor-version":[{"id":1306,"href":"https:\/\/ifade.org.tr\/en\/wp-json\/wp\/v2\/pages\/1275\/revisions\/1306"}],"up":[{"embeddable":true,"href":"https:\/\/ifade.org.tr\/en\/wp-json\/wp\/v2\/pages\/87"}],"wp:attachment":[{"href":"https:\/\/ifade.org.tr\/en\/wp-json\/wp\/v2\/media?parent=1275"}],"curies":[{"name":"wp","href":"https:\/\/api.w.org\/{rel}","templated":true}]}}