{"id":14,"date":"2020-10-10T18:40:13","date_gmt":"2020-10-10T15:40:13","guid":{"rendered":"https:\/\/web.ifade.org.tr\/en\/?page_id=14"},"modified":"2022-06-07T13:33:22","modified_gmt":"2022-06-07T10:33:22","slug":"freedom-of-expression-association","status":"publish","type":"page","link":"https:\/\/ifade.org.tr\/en\/","title":{"rendered":"Freedom of Expression Association"},"content":{"rendered":"\t\t<div data-elementor-type=\"wp-page\" data-elementor-id=\"14\" class=\"elementor elementor-14\">\n\t\t\t\t\t\t<section class=\"elementor-section elementor-top-section elementor-element elementor-element-f505c1c elementor-section-boxed elementor-section-height-default elementor-section-height-default\" data-id=\"f505c1c\" data-element_type=\"section\" data-e-type=\"section\">\n\t\t\t\t\t\t<div class=\"elementor-container elementor-column-gap-default\">\n\t\t\t\t\t<div class=\"elementor-column elementor-col-100 elementor-top-column elementor-element elementor-element-5c0ddce\" data-id=\"5c0ddce\" data-element_type=\"column\" data-e-type=\"column\">\n\t\t\t<div class=\"elementor-widget-wrap elementor-element-populated\">\n\t\t\t\t\t\t<div class=\"elementor-element elementor-element-cb197ec elementor-widget elementor-widget-text-editor\" data-id=\"cb197ec\" data-element_type=\"widget\" data-e-type=\"widget\" data-widget_type=\"text-editor.default\">\n\t\t\t\t<div class=\"elementor-widget-container\">\n\t\t\t\t\t\t\t\t\t<p><font color=\"#ffffff\">Protection and promotion of freedom of expression, freedom of the media, Internet freedom and academic freedom in Turkey is in the heart of overall objectives of the <\/font><strong style=\"color: rgb(255, 255, 255);\">Freedom of Expression Association (\u0130F\u00d6D &#8211; \u0130fade \u00d6zg\u00fcrl\u00fc\u011f\u00fc Derne\u011fi)<\/strong><font color=\"#ffffff\">. As part of its core activities, \u0130F\u00d6D deals with issues from Internet censorship to academic freedom and from press freedom to artistic expression. To this end, the organization is implementing programs that aim to develop and enhance strategies in freedom of expression related jurisprudence, to increase capacity by monitoring, research &amp; capacity building programs&nbsp;and is planning to build strategies for an enhanced right to access to information.<\/font><\/p>\t\t\t\t\t\t\t\t<\/div>\n\t\t\t\t<\/div>\n\t\t\t\t\t<\/div>\n\t\t<\/div>\n\t\t\t\t\t<\/div>\n\t\t<\/section>\n\t\t\t\t<\/div>\n\t\t","protected":false},"excerpt":{"rendered":"<p>Protection and promotion of freedom of expression, freedom of the media, Internet freedom and academic freedom in Turkey is in the heart of overall objectives of the Freedom of Expression Association (\u0130F\u00d6D &#8211; \u0130fade \u00d6zg\u00fcrl\u00fc\u011f\u00fc Derne\u011fi). As part of its core activities, \u0130F\u00d6D deals with issues from Internet censorship to academic freedom and from press [&hellip;]<\/p>\n","protected":false},"author":1,"featured_media":283,"parent":0,"menu_order":0,"comment_status":"closed","ping_status":"closed","template":"","meta":{"footnotes":""},"class_list":["post-14","page","type-page","status-publish","has-post-thumbnail","hentry"],"_links":{"self":[{"href":"https:\/\/ifade.org.tr\/en\/wp-json\/wp\/v2\/pages\/14","targetHints":{"allow":["GET"]}}],"collection":[{"href":"https:\/\/ifade.org.tr\/en\/wp-json\/wp\/v2\/pages"}],"about":[{"href":"https:\/\/ifade.org.tr\/en\/wp-json\/wp\/v2\/types\/page"}],"author":[{"embeddable":true,"href":"https:\/\/ifade.org.tr\/en\/wp-json\/wp\/v2\/users\/1"}],"replies":[{"embeddable":true,"href":"https:\/\/ifade.org.tr\/en\/wp-json\/wp\/v2\/comments?post=14"}],"version-history":[{"count":13,"href":"https:\/\/ifade.org.tr\/en\/wp-json\/wp\/v2\/pages\/14\/revisions"}],"predecessor-version":[{"id":847,"href":"https:\/\/ifade.org.tr\/en\/wp-json\/wp\/v2\/pages\/14\/revisions\/847"}],"wp:featuredmedia":[{"embeddable":true,"href":"https:\/\/ifade.org.tr\/en\/wp-json\/wp\/v2\/media\/283"}],"wp:attachment":[{"href":"https:\/\/ifade.org.tr\/en\/wp-json\/wp\/v2\/media?parent=14"}],"curies":[{"name":"wp","href":"https:\/\/api.w.org\/{rel}","templated":true}]}}