{"id":30,"date":"2020-10-10T18:53:33","date_gmt":"2020-10-10T15:53:33","guid":{"rendered":"https:\/\/web.ifade.org.tr\/en\/?page_id=30"},"modified":"2020-12-04T13:51:06","modified_gmt":"2020-12-04T10:51:06","slug":"about-us","status":"publish","type":"page","link":"https:\/\/ifade.org.tr\/en\/about-us\/","title":{"rendered":"About us"},"content":{"rendered":"\t\t<div data-elementor-type=\"wp-page\" data-elementor-id=\"30\" class=\"elementor elementor-30\">\n\t\t\t\t\t\t<section class=\"elementor-section elementor-top-section elementor-element elementor-element-5069f50 elementor-section-boxed elementor-section-height-default elementor-section-height-default\" data-id=\"5069f50\" data-element_type=\"section\" data-e-type=\"section\">\n\t\t\t\t\t\t<div class=\"elementor-container elementor-column-gap-default\">\n\t\t\t\t\t<div class=\"elementor-column elementor-col-100 elementor-top-column elementor-element elementor-element-6ac4e93\" data-id=\"6ac4e93\" data-element_type=\"column\" data-e-type=\"column\">\n\t\t\t<div class=\"elementor-widget-wrap elementor-element-populated\">\n\t\t\t\t\t\t<div class=\"elementor-element elementor-element-2c04382 elementor-widget elementor-widget-text-editor\" data-id=\"2c04382\" data-element_type=\"widget\" data-e-type=\"widget\" data-widget_type=\"text-editor.default\">\n\t\t\t\t<div class=\"elementor-widget-container\">\n\t\t\t\t\t\t\t\t\t\n<p class=\"emphasis\">Freedom of Expression Association (\u0130F\u00d6D &#8211; \u0130fade \u00d6zg\u00fcrl\u00fc\u011f\u00fc Derne\u011fi) was established by expert lawyers, academicians and human right activists in August 2017 as a non-profit and non-governmental organization which aims to protect and foster the right to freedom of opinion and expression in Turkey.<\/p>\n\n\n\n\n\n\nThe Association aims to prevent and end violations of freedom of expression, without discrimination based on language, religion, race, gender, sexual orientation, gender identity, age, disability, differing political views and other reasons. In this context, it was established with the aim of providing legal assistance for those who have experienced violation of freedom of expression or whose right of expression is in danger, to engage in research, education, national and international co-operation for this objective, to contribute to solidarity and also to guarantee the rights of these people. More broadly, the Association seeks to achieve the following objectives:\n<\/p>\n<ul class=\"list wp-block-list\">\n<li><strong>Defending freedom of opinion and expression<\/strong><\/li>\n<li><strong>Defending freedom of information<\/strong><\/li>\n<li><strong>Defending academic freedoms<\/strong><\/li>\n<li><strong>Opposing censorship through the media and the Internet<\/strong><\/li>\n<li><strong>Promoting diversity of voices and the right to dissent<\/strong><\/li>\n<li><strong>Promoting children\u2019s right to freedom of opinion and expression<\/strong><\/li>\n<li><strong>Promoting access to information and knowledge<\/strong><\/li>\n<li><strong>Ensuring criminal defamation and insult laws are repealed<\/strong><\/li>\n<li><strong>Protecting vulnerable groups from hatred, intimidation and discrimination<\/strong><\/li>\n<\/ul>\n<p><\/p>\t\t\t\t\t\t\t\t<\/div>\n\t\t\t\t<\/div>\n\t\t\t\t\t<\/div>\n\t\t<\/div>\n\t\t\t\t\t<\/div>\n\t\t<\/section>\n\t\t\t\t<section class=\"elementor-section elementor-top-section elementor-element elementor-element-6792320 elementor-section-boxed elementor-section-height-default elementor-section-height-default\" data-id=\"6792320\" data-element_type=\"section\" data-e-type=\"section\">\n\t\t\t\t\t\t<div class=\"elementor-container elementor-column-gap-default\">\n\t\t\t\t\t<div class=\"elementor-column elementor-col-100 elementor-top-column elementor-element elementor-element-a16ed71\" data-id=\"a16ed71\" data-element_type=\"column\" data-e-type=\"column\">\n\t\t\t<div class=\"elementor-widget-wrap elementor-element-populated\">\n\t\t\t\t\t\t<div class=\"elementor-element elementor-element-c5a481a elementor-widget elementor-widget-heading\" data-id=\"c5a481a\" data-element_type=\"widget\" data-e-type=\"widget\" data-widget_type=\"heading.default\">\n\t\t\t\t<div class=\"elementor-widget-container\">\n\t\t\t\t\t<h2 class=\"elementor-heading-title elementor-size-default\">SUPPORTERS<br><\/h2>\t\t\t\t<\/div>\n\t\t\t\t<\/div>\n\t\t\t\t\t<\/div>\n\t\t<\/div>\n\t\t\t\t\t<\/div>\n\t\t<\/section>\n\t\t\t\t<section class=\"elementor-section elementor-top-section elementor-element elementor-element-1eb373a8 elementor-section-full_width elementor-section-content-middle elementor-section-height-default elementor-section-height-default\" data-id=\"1eb373a8\" data-element_type=\"section\" data-e-type=\"section\">\n\t\t\t\t\t\t<div class=\"elementor-container elementor-column-gap-no\">\n\t\t\t\t\t<div class=\"elementor-column elementor-col-25 elementor-top-column elementor-element elementor-element-20d6ddb1\" data-id=\"20d6ddb1\" data-element_type=\"column\" data-e-type=\"column\" data-settings=\"{&quot;background_background&quot;:&quot;classic&quot;}\">\n\t\t\t<div class=\"elementor-widget-wrap elementor-element-populated\">\n\t\t\t\t\t\t<div class=\"elementor-element elementor-element-38d6311f elementor-widget elementor-widget-image\" data-id=\"38d6311f\" data-element_type=\"widget\" data-e-type=\"widget\" data-widget_type=\"image.default\">\n\t\t\t\t<div class=\"elementor-widget-container\">\n\t\t\t\t\t\t\t\t\t\t\t\t\t\t\t<img fetchpriority=\"high\" decoding=\"async\" width=\"700\" height=\"495\" src=\"https:\/\/ifade.org.tr\/en\/wp-content\/uploads\/2020\/10\/A19-logo.png\" class=\"attachment-large size-large wp-image-185\" alt=\"\" srcset=\"https:\/\/ifade.org.tr\/en\/wp-content\/uploads\/2020\/10\/A19-logo.png 842w, https:\/\/ifade.org.tr\/en\/wp-content\/uploads\/2020\/10\/A19-logo-300x212.png 300w, https:\/\/ifade.org.tr\/en\/wp-content\/uploads\/2020\/10\/A19-logo-768x543.png 768w, https:\/\/ifade.org.tr\/en\/wp-content\/uploads\/2020\/10\/A19-logo-700x495.png 700w\" sizes=\"(max-width: 700px) 100vw, 700px\" \/>\t\t\t\t\t\t\t\t\t\t\t\t\t\t\t<\/div>\n\t\t\t\t<\/div>\n\t\t\t\t\t<\/div>\n\t\t<\/div>\n\t\t\t\t<div class=\"elementor-column elementor-col-25 elementor-top-column elementor-element elementor-element-33e0b73a\" data-id=\"33e0b73a\" data-element_type=\"column\" data-e-type=\"column\" data-settings=\"{&quot;background_background&quot;:&quot;classic&quot;}\">\n\t\t\t<div class=\"elementor-widget-wrap elementor-element-populated\">\n\t\t\t\t\t\t<div class=\"elementor-element elementor-element-b067ad3 elementor-widget elementor-widget-image\" data-id=\"b067ad3\" data-element_type=\"widget\" data-e-type=\"widget\" data-widget_type=\"image.default\">\n\t\t\t\t<div class=\"elementor-widget-container\">\n\t\t\t\t\t\t\t\t\t\t\t\t\t\t\t<img decoding=\"async\" width=\"200\" height=\"200\" src=\"https:\/\/ifade.org.tr\/en\/wp-content\/uploads\/2020\/10\/Sigrid-rausing-trust.jpg\" class=\"attachment-large size-large wp-image-190\" alt=\"\" srcset=\"https:\/\/ifade.org.tr\/en\/wp-content\/uploads\/2020\/10\/Sigrid-rausing-trust.jpg 200w, https:\/\/ifade.org.tr\/en\/wp-content\/uploads\/2020\/10\/Sigrid-rausing-trust-150x150.jpg 150w\" sizes=\"(max-width: 200px) 100vw, 200px\" \/>\t\t\t\t\t\t\t\t\t\t\t\t\t\t\t<\/div>\n\t\t\t\t<\/div>\n\t\t\t\t\t<\/div>\n\t\t<\/div>\n\t\t\t\t<div class=\"elementor-column elementor-col-25 elementor-top-column elementor-element elementor-element-54057f37\" data-id=\"54057f37\" data-element_type=\"column\" data-e-type=\"column\" data-settings=\"{&quot;background_background&quot;:&quot;classic&quot;}\">\n\t\t\t<div class=\"elementor-widget-wrap elementor-element-populated\">\n\t\t\t\t\t\t<div class=\"elementor-element elementor-element-51a2be1e elementor-widget elementor-widget-image\" data-id=\"51a2be1e\" data-element_type=\"widget\" data-e-type=\"widget\" data-widget_type=\"image.default\">\n\t\t\t\t<div class=\"elementor-widget-container\">\n\t\t\t\t\t\t\t\t\t\t\t\t\t\t\t<img decoding=\"async\" width=\"700\" height=\"279\" src=\"https:\/\/ifade.org.tr\/en\/wp-content\/uploads\/2020\/10\/crd-logo-1024x408.png\" class=\"attachment-large size-large wp-image-192\" alt=\"\" srcset=\"https:\/\/ifade.org.tr\/en\/wp-content\/uploads\/2020\/10\/crd-logo-1024x408.png 1024w, https:\/\/ifade.org.tr\/en\/wp-content\/uploads\/2020\/10\/crd-logo-300x119.png 300w, https:\/\/ifade.org.tr\/en\/wp-content\/uploads\/2020\/10\/crd-logo-768x306.png 768w, https:\/\/ifade.org.tr\/en\/wp-content\/uploads\/2020\/10\/crd-logo-700x279.png 700w, https:\/\/ifade.org.tr\/en\/wp-content\/uploads\/2020\/10\/crd-logo.png 1175w\" sizes=\"(max-width: 700px) 100vw, 700px\" \/>\t\t\t\t\t\t\t\t\t\t\t\t\t\t\t<\/div>\n\t\t\t\t<\/div>\n\t\t\t\t\t<\/div>\n\t\t<\/div>\n\t\t\t\t<div class=\"elementor-column elementor-col-25 elementor-top-column elementor-element elementor-element-46e08019\" data-id=\"46e08019\" data-element_type=\"column\" data-e-type=\"column\" data-settings=\"{&quot;background_background&quot;:&quot;classic&quot;}\">\n\t\t\t<div class=\"elementor-widget-wrap elementor-element-populated\">\n\t\t\t\t\t\t<div class=\"elementor-element elementor-element-60aae7e0 elementor-widget elementor-widget-image\" data-id=\"60aae7e0\" data-element_type=\"widget\" data-e-type=\"widget\" data-widget_type=\"image.default\">\n\t\t\t\t<div class=\"elementor-widget-container\">\n\t\t\t\t\t\t\t\t\t\t\t\t\t\t\t<img loading=\"lazy\" decoding=\"async\" width=\"500\" height=\"222\" src=\"https:\/\/ifade.org.tr\/en\/wp-content\/uploads\/2020\/10\/KingdomofNL.png\" class=\"attachment-large size-large wp-image-194\" alt=\"\" srcset=\"https:\/\/ifade.org.tr\/en\/wp-content\/uploads\/2020\/10\/KingdomofNL.png 500w, https:\/\/ifade.org.tr\/en\/wp-content\/uploads\/2020\/10\/KingdomofNL-300x133.png 300w\" sizes=\"(max-width: 500px) 100vw, 500px\" \/>\t\t\t\t\t\t\t\t\t\t\t\t\t\t\t<\/div>\n\t\t\t\t<\/div>\n\t\t\t\t\t<\/div>\n\t\t<\/div>\n\t\t\t\t\t<\/div>\n\t\t<\/section>\n\t\t\t\t<section class=\"elementor-section elementor-top-section elementor-element elementor-element-aae41bd elementor-section-full_width elementor-section-content-middle elementor-section-height-default elementor-section-height-default\" data-id=\"aae41bd\" data-element_type=\"section\" data-e-type=\"section\">\n\t\t\t\t\t\t<div class=\"elementor-container elementor-column-gap-no\">\n\t\t\t\t\t<div class=\"elementor-column elementor-col-25 elementor-top-column elementor-element elementor-element-182ae53\" data-id=\"182ae53\" data-element_type=\"column\" data-e-type=\"column\" data-settings=\"{&quot;background_background&quot;:&quot;classic&quot;}\">\n\t\t\t<div class=\"elementor-widget-wrap elementor-element-populated\">\n\t\t\t\t\t\t<div class=\"elementor-element elementor-element-8a1750e elementor-widget elementor-widget-image\" data-id=\"8a1750e\" data-element_type=\"widget\" data-e-type=\"widget\" data-widget_type=\"image.default\">\n\t\t\t\t<div class=\"elementor-widget-container\">\n\t\t\t\t\t\t\t\t\t\t\t\t\t\t\t<img loading=\"lazy\" decoding=\"async\" width=\"655\" height=\"249\" src=\"https:\/\/ifade.org.tr\/en\/wp-content\/uploads\/2020\/10\/icj_logo.png\" class=\"attachment-large size-large wp-image-207\" alt=\"\" srcset=\"https:\/\/ifade.org.tr\/en\/wp-content\/uploads\/2020\/10\/icj_logo.png 655w, https:\/\/ifade.org.tr\/en\/wp-content\/uploads\/2020\/10\/icj_logo-300x114.png 300w\" sizes=\"(max-width: 655px) 100vw, 655px\" \/>\t\t\t\t\t\t\t\t\t\t\t\t\t\t\t<\/div>\n\t\t\t\t<\/div>\n\t\t\t\t\t<\/div>\n\t\t<\/div>\n\t\t\t\t<div class=\"elementor-column elementor-col-25 elementor-top-column elementor-element elementor-element-bbc59c9\" data-id=\"bbc59c9\" data-element_type=\"column\" data-e-type=\"column\" data-settings=\"{&quot;background_background&quot;:&quot;classic&quot;}\">\n\t\t\t<div class=\"elementor-widget-wrap elementor-element-populated\">\n\t\t\t\t\t\t<div class=\"elementor-element elementor-element-0b8e50b elementor-widget elementor-widget-image\" data-id=\"0b8e50b\" data-element_type=\"widget\" data-e-type=\"widget\" data-widget_type=\"image.default\">\n\t\t\t\t<div class=\"elementor-widget-container\">\n\t\t\t\t\t\t\t\t\t\t\t\t\t\t\t<img loading=\"lazy\" decoding=\"async\" width=\"610\" height=\"407\" src=\"https:\/\/ifade.org.tr\/en\/wp-content\/uploads\/2020\/10\/consulate-general-of-sweden-istanbul.jpg\" class=\"attachment-large size-large wp-image-215\" alt=\"\" srcset=\"https:\/\/ifade.org.tr\/en\/wp-content\/uploads\/2020\/10\/consulate-general-of-sweden-istanbul.jpg 610w, https:\/\/ifade.org.tr\/en\/wp-content\/uploads\/2020\/10\/consulate-general-of-sweden-istanbul-300x200.jpg 300w\" sizes=\"(max-width: 610px) 100vw, 610px\" \/>\t\t\t\t\t\t\t\t\t\t\t\t\t\t\t<\/div>\n\t\t\t\t<\/div>\n\t\t\t\t\t<\/div>\n\t\t<\/div>\n\t\t\t\t<div class=\"elementor-column elementor-col-25 elementor-top-column elementor-element elementor-element-87b5fa6\" data-id=\"87b5fa6\" data-element_type=\"column\" data-e-type=\"column\" data-settings=\"{&quot;background_background&quot;:&quot;classic&quot;}\">\n\t\t\t<div class=\"elementor-widget-wrap elementor-element-populated\">\n\t\t\t\t\t\t<div class=\"elementor-element elementor-element-bc9536e elementor-widget elementor-widget-image\" data-id=\"bc9536e\" data-element_type=\"widget\" data-e-type=\"widget\" data-widget_type=\"image.default\">\n\t\t\t\t<div class=\"elementor-widget-container\">\n\t\t\t\t\t\t\t\t\t\t\t\t\t\t\t<img loading=\"lazy\" decoding=\"async\" width=\"324\" height=\"300\" src=\"https:\/\/ifade.org.tr\/en\/wp-content\/uploads\/2020\/10\/HaklaraDestek-e1603561990123.png\" class=\"attachment-large size-large wp-image-211\" alt=\"\" srcset=\"https:\/\/ifade.org.tr\/en\/wp-content\/uploads\/2020\/10\/HaklaraDestek-e1603561990123.png 324w, https:\/\/ifade.org.tr\/en\/wp-content\/uploads\/2020\/10\/HaklaraDestek-e1603561990123-300x278.png 300w\" sizes=\"(max-width: 324px) 100vw, 324px\" \/>\t\t\t\t\t\t\t\t\t\t\t\t\t\t\t<\/div>\n\t\t\t\t<\/div>\n\t\t\t\t\t<\/div>\n\t\t<\/div>\n\t\t\t\t<div class=\"elementor-column elementor-col-25 elementor-top-column elementor-element elementor-element-e8e13f8\" data-id=\"e8e13f8\" data-element_type=\"column\" data-e-type=\"column\" data-settings=\"{&quot;background_background&quot;:&quot;classic&quot;}\">\n\t\t\t<div class=\"elementor-widget-wrap elementor-element-populated\">\n\t\t\t\t\t\t<div class=\"elementor-element elementor-element-533a955f elementor-widget elementor-widget-image\" data-id=\"533a955f\" data-element_type=\"widget\" data-e-type=\"widget\" data-widget_type=\"image.default\">\n\t\t\t\t<div class=\"elementor-widget-container\">\n\t\t\t\t\t\t\t\t\t\t\t\t\t\t\t<img loading=\"lazy\" decoding=\"async\" width=\"700\" height=\"243\" src=\"https:\/\/ifade.org.tr\/en\/wp-content\/uploads\/2020\/12\/EDD-Logo-2.png\" class=\"attachment-large size-large wp-image-317\" alt=\"\" srcset=\"https:\/\/ifade.org.tr\/en\/wp-content\/uploads\/2020\/12\/EDD-Logo-2.png 792w, https:\/\/ifade.org.tr\/en\/wp-content\/uploads\/2020\/12\/EDD-Logo-2-300x104.png 300w, https:\/\/ifade.org.tr\/en\/wp-content\/uploads\/2020\/12\/EDD-Logo-2-768x267.png 768w, https:\/\/ifade.org.tr\/en\/wp-content\/uploads\/2020\/12\/EDD-Logo-2-700x243.png 700w\" sizes=\"(max-width: 700px) 100vw, 700px\" \/>\t\t\t\t\t\t\t\t\t\t\t\t\t\t\t<\/div>\n\t\t\t\t<\/div>\n\t\t\t\t\t<\/div>\n\t\t<\/div>\n\t\t\t\t\t<\/div>\n\t\t<\/section>\n\t\t\t\t<\/div>\n\t\t","protected":false},"excerpt":{"rendered":"<p>Freedom of Expression Association (\u0130F\u00d6D &#8211; \u0130fade \u00d6zg\u00fcrl\u00fc\u011f\u00fc Derne\u011fi) was established by expert lawyers, academicians and human right activists in August 2017 as a non-profit and non-governmental organization which aims to protect and foster the right to freedom of opinion and expression in Turkey. The Association aims to prevent and end violations of freedom of [&hellip;]<\/p>\n","protected":false},"author":1,"featured_media":32,"parent":0,"menu_order":0,"comment_status":"closed","ping_status":"closed","template":"templates\/full-width-page.php","meta":{"footnotes":""},"class_list":["post-30","page","type-page","status-publish","has-post-thumbnail","hentry"],"_links":{"self":[{"href":"https:\/\/ifade.org.tr\/en\/wp-json\/wp\/v2\/pages\/30","targetHints":{"allow":["GET"]}}],"collection":[{"href":"https:\/\/ifade.org.tr\/en\/wp-json\/wp\/v2\/pages"}],"about":[{"href":"https:\/\/ifade.org.tr\/en\/wp-json\/wp\/v2\/types\/page"}],"author":[{"embeddable":true,"href":"https:\/\/ifade.org.tr\/en\/wp-json\/wp\/v2\/users\/1"}],"replies":[{"embeddable":true,"href":"https:\/\/ifade.org.tr\/en\/wp-json\/wp\/v2\/comments?post=30"}],"version-history":[{"count":31,"href":"https:\/\/ifade.org.tr\/en\/wp-json\/wp\/v2\/pages\/30\/revisions"}],"predecessor-version":[{"id":320,"href":"https:\/\/ifade.org.tr\/en\/wp-json\/wp\/v2\/pages\/30\/revisions\/320"}],"wp:featuredmedia":[{"embeddable":true,"href":"https:\/\/ifade.org.tr\/en\/wp-json\/wp\/v2\/media\/32"}],"wp:attachment":[{"href":"https:\/\/ifade.org.tr\/en\/wp-json\/wp\/v2\/media?parent=30"}],"curies":[{"name":"wp","href":"https:\/\/api.w.org\/{rel}","templated":true}]}}