{"id":38,"date":"2020-10-10T19:00:01","date_gmt":"2020-10-10T16:00:01","guid":{"rendered":"https:\/\/web.ifade.org.tr\/en\/?page_id=38"},"modified":"2026-02-09T19:06:18","modified_gmt":"2026-02-09T16:06:18","slug":"reports-books","status":"publish","type":"page","link":"https:\/\/ifade.org.tr\/en\/publications\/reports-books\/","title":{"rendered":"Reports &#038; Books"},"content":{"rendered":"\t\t<div data-elementor-type=\"wp-page\" data-elementor-id=\"38\" class=\"elementor elementor-38\">\n\t\t\t\t\t\t<section class=\"elementor-section elementor-top-section elementor-element elementor-element-2f7b4a2 elementor-section-boxed elementor-section-height-default elementor-section-height-default\" data-id=\"2f7b4a2\" data-element_type=\"section\" data-e-type=\"section\">\n\t\t\t\t\t\t<div class=\"elementor-container elementor-column-gap-default\">\n\t\t\t\t\t<div class=\"elementor-column elementor-col-66 elementor-top-column elementor-element elementor-element-0c1afcb\" data-id=\"0c1afcb\" data-element_type=\"column\" data-e-type=\"column\">\n\t\t\t<div class=\"elementor-widget-wrap elementor-element-populated\">\n\t\t\t\t\t\t<div class=\"elementor-element elementor-element-f4e76fa elementor-widget elementor-widget-image\" data-id=\"f4e76fa\" data-element_type=\"widget\" data-e-type=\"widget\" data-widget_type=\"image.default\">\n\t\t\t\t<div class=\"elementor-widget-container\">\n\t\t\t\t\t\t\t\t\t\t\t\t\t\t\t<img fetchpriority=\"high\" decoding=\"async\" width=\"685\" height=\"1080\" src=\"https:\/\/ifade.org.tr\/en\/wp-content\/uploads\/2026\/02\/EngelliWeb-Kapaklari-e1770652413369.png\" class=\"attachment-full size-full wp-image-1336\" alt=\"\" srcset=\"https:\/\/ifade.org.tr\/en\/wp-content\/uploads\/2026\/02\/EngelliWeb-Kapaklari-e1770652413369.png 685w, https:\/\/ifade.org.tr\/en\/wp-content\/uploads\/2026\/02\/EngelliWeb-Kapaklari-e1770652413369-190x300.png 190w, https:\/\/ifade.org.tr\/en\/wp-content\/uploads\/2026\/02\/EngelliWeb-Kapaklari-e1770652413369-649x1024.png 649w\" sizes=\"(max-width: 685px) 100vw, 685px\" \/>\t\t\t\t\t\t\t\t\t\t\t\t\t\t\t<\/div>\n\t\t\t\t<\/div>\n\t\t\t\t\t<\/div>\n\t\t<\/div>\n\t\t\t\t<div class=\"elementor-column elementor-col-33 elementor-top-column elementor-element elementor-element-669ee73\" data-id=\"669ee73\" data-element_type=\"column\" data-e-type=\"column\">\n\t\t\t<div class=\"elementor-widget-wrap elementor-element-populated\">\n\t\t\t\t\t\t<div class=\"elementor-element elementor-element-9e20701 elementor-widget elementor-widget-text-editor\" data-id=\"9e20701\" data-element_type=\"widget\" data-e-type=\"widget\" data-widget_type=\"text-editor.default\">\n\t\t\t\t<div class=\"elementor-widget-container\">\n\t\t\t\t\t\t\t\t\t<h3 style=\"padding-top: 0.75em;\">Social Media Report<\/h3><p class=\"p1\">In the report titled <a href=\"https:\/\/ifade.org.tr\/reports\/SosyalMedyaRaporu_Eng.pdf\"><i>Digital<\/i> <em>Obedience<\/em><i> Regime: Social Media Platforms and the Illusion of Transparency in T\u00fcrkiye<\/i><\/a>, prepared by the Freedom of Expression Association (\u0130F\u00d6D) and examining the role of social media platforms in T\u00fcrkiye\u2019s internet censorship ecosystem, it is documented, on the basis of concrete findings, that the current legal regime governing social media platforms and its implementation practices have, rather than safeguarding users\u2019 freedom of expression and right to access information, effectively turned platforms into \u201ccompliant apparatuses\u201d of the state\u2019s censorship and surveillance mechanism.<\/p><p class=\"p1\">Within this framework, the report sets out a platform \u201ccompliance scorecard\u201d for social media platforms that established local representation in T\u00fcrkiye following the amendments to Law No. 5651. Its most striking finding is that, while platforms display formal compliance with the legal process, in practice they have retreated from transparency, and promised transparency has devolved into systematic \u201cdata obscuration\u201d, leaving platforms to function as a \u201cdigital obedience\u201d mechanism.<\/p>\t\t\t\t\t\t\t\t<\/div>\n\t\t\t\t<\/div>\n\t\t\t\t\t<\/div>\n\t\t<\/div>\n\t\t\t\t\t<\/div>\n\t\t<\/section>\n\t\t\t\t<section class=\"elementor-section elementor-top-section elementor-element elementor-element-42cf921 elementor-section-boxed elementor-section-height-default elementor-section-height-default\" data-id=\"42cf921\" data-element_type=\"section\" data-e-type=\"section\">\n\t\t\t\t\t\t<div class=\"elementor-container elementor-column-gap-default\">\n\t\t\t\t\t<div class=\"elementor-column elementor-col-66 elementor-top-column elementor-element elementor-element-2d999b8\" data-id=\"2d999b8\" data-element_type=\"column\" data-e-type=\"column\">\n\t\t\t<div class=\"elementor-widget-wrap elementor-element-populated\">\n\t\t\t\t\t\t<div class=\"elementor-element elementor-element-4c1f014 elementor-widget elementor-widget-image\" data-id=\"4c1f014\" data-element_type=\"widget\" data-e-type=\"widget\" data-widget_type=\"image.default\">\n\t\t\t\t<div class=\"elementor-widget-container\">\n\t\t\t\t\t\t\t\t\t\t\t\t\t\t\t<img decoding=\"async\" width=\"619\" height=\"951\" src=\"https:\/\/ifade.org.tr\/en\/wp-content\/uploads\/2023\/06\/UnutulmamaHakki_Eng_Kitap.png\" class=\"attachment-full size-full wp-image-1000\" alt=\"\" srcset=\"https:\/\/ifade.org.tr\/en\/wp-content\/uploads\/2023\/06\/UnutulmamaHakki_Eng_Kitap.png 619w, https:\/\/ifade.org.tr\/en\/wp-content\/uploads\/2023\/06\/UnutulmamaHakki_Eng_Kitap-195x300.png 195w\" sizes=\"(max-width: 619px) 100vw, 619px\" \/>\t\t\t\t\t\t\t\t\t\t\t\t\t\t\t<\/div>\n\t\t\t\t<\/div>\n\t\t\t\t\t<\/div>\n\t\t<\/div>\n\t\t\t\t<div class=\"elementor-column elementor-col-33 elementor-top-column elementor-element elementor-element-bc98094\" data-id=\"bc98094\" data-element_type=\"column\" data-e-type=\"column\">\n\t\t\t<div class=\"elementor-widget-wrap elementor-element-populated\">\n\t\t\t\t\t\t<div class=\"elementor-element elementor-element-0f87a7c elementor-widget elementor-widget-text-editor\" data-id=\"0f87a7c\" data-element_type=\"widget\" data-e-type=\"widget\" data-widget_type=\"text-editor.default\">\n\t\t\t\t<div class=\"elementor-widget-container\">\n\t\t\t\t\t\t\t\t\t<h3 style=\"padding-top: 0.75em;\">the Right (Not) To Be Forgotten<\/h3><p>Within the scope of The Right NOT to be Forgotten on the Internet: Freedom of Expression Assessment of the Application of the Turkish Right to be Forgotten Measures under Law No. 5651 report of the \u0130fade \u00d6zg\u00fcrl\u00fc\u011f\u00fc Derne\u011fi (\u0130F\u00d6D &#8211; Freedom of Expression Association), it has been observed and identified that in recent years, individuals increasingly request that their futures not be negatively affected by news or published content related to events caused by themselves or third parties in their past, with reference to their right to be forgotten.<\/p><p>These requests have been frequently evaluated as violations of personal rights under article 9 of Law No. 5651 by criminal judgeships of peace and the judgeships issued decisions of access blocking and content removal involving such news articles and content even though they did not contain any violation of personal rights or violation of the law at the time of their publication. <span style=\"font-size: 1rem;\">Therefore, such requests may only be considered favourably in cases where there is no superior public <\/span><span style=\"font-size: 1rem;\">interest, and especially in exceptional cases where ordinary citizens have the right to \u201ccontrol their past\u201d and \u201cto request that certain issues erased from their past and forgotten.\u201d<\/span><\/p><p>This study evaluates how the right to be forgotten is applied by the criminal judgeships of peace for the purpose of \u201cprotecting personal rights\u201d within the scope of Law No. 5651. The study evaluates further the requests, whether the judgeships referred to the judgments of the Court of Cassation, the Constitutional Court and the European Court of Human Rights in their decision-making processes, and therefore whether they took into account the relevant case-law.<\/p><ul><li><strong><a href=\"https:\/\/ifade.org.tr\/reports\/UnutulmamaHakki_2021_Eng.pdf\">The Right NOT to be Forgotten on the Internet: Freedom of Expression Assessment of the Application of the Turkish Right to be Forgotten Measures under Law No. 5651<\/a><\/strong><\/li><\/ul>\t\t\t\t\t\t\t\t<\/div>\n\t\t\t\t<\/div>\n\t\t\t\t\t<\/div>\n\t\t<\/div>\n\t\t\t\t\t<\/div>\n\t\t<\/section>\n\t\t\t\t<section class=\"elementor-section elementor-top-section elementor-element elementor-element-59e1539 elementor-section-boxed elementor-section-height-default elementor-section-height-default\" data-id=\"59e1539\" data-element_type=\"section\" data-e-type=\"section\">\n\t\t\t\t\t\t<div class=\"elementor-container elementor-column-gap-default\">\n\t\t\t\t\t<div class=\"elementor-column elementor-col-66 elementor-top-column elementor-element elementor-element-1a573c1\" data-id=\"1a573c1\" data-element_type=\"column\" data-e-type=\"column\">\n\t\t\t<div class=\"elementor-widget-wrap elementor-element-populated\">\n\t\t\t\t\t\t<div class=\"elementor-element elementor-element-24155ed elementor-widget elementor-widget-image\" data-id=\"24155ed\" data-element_type=\"widget\" data-e-type=\"widget\" data-widget_type=\"image.default\">\n\t\t\t\t<div class=\"elementor-widget-container\">\n\t\t\t\t\t\t\t\t\t\t\t\t\t\t\t<img decoding=\"async\" width=\"699\" height=\"1079\" src=\"https:\/\/ifade.org.tr\/en\/wp-content\/uploads\/2023\/01\/EngelliWeb_2021_Cover.png\" class=\"attachment-full size-full wp-image-959\" alt=\"\" srcset=\"https:\/\/ifade.org.tr\/en\/wp-content\/uploads\/2023\/01\/EngelliWeb_2021_Cover.png 699w, https:\/\/ifade.org.tr\/en\/wp-content\/uploads\/2023\/01\/EngelliWeb_2021_Cover-194x300.png 194w, https:\/\/ifade.org.tr\/en\/wp-content\/uploads\/2023\/01\/EngelliWeb_2021_Cover-663x1024.png 663w\" sizes=\"(max-width: 699px) 100vw, 699px\" \/>\t\t\t\t\t\t\t\t\t\t\t\t\t\t\t<\/div>\n\t\t\t\t<\/div>\n\t\t\t\t\t<\/div>\n\t\t<\/div>\n\t\t\t\t<div class=\"elementor-column elementor-col-33 elementor-top-column elementor-element elementor-element-6b6ab19\" data-id=\"6b6ab19\" data-element_type=\"column\" data-e-type=\"column\">\n\t\t\t<div class=\"elementor-widget-wrap elementor-element-populated\">\n\t\t\t\t\t\t<div class=\"elementor-element elementor-element-a6bb4ae elementor-widget elementor-widget-text-editor\" data-id=\"a6bb4ae\" data-element_type=\"widget\" data-e-type=\"widget\" data-widget_type=\"text-editor.default\">\n\t\t\t\t<div class=\"elementor-widget-container\">\n\t\t\t\t\t\t\t\t\t<h3 style=\"padding-top: 0.75em;\">ENGELLIWEB REPORT<\/h3><p>EngelliWeb Report of the Freedom of Expression Association (\u201c\u0130F\u00d6D\u201d) is predominantly conducted by reference to<br \/>the application of Law No. 5651 on Regulation of Publications on the Internet and Suppression of Crimes Committed by Means of Such Publications, which was enacted about 15 years ago and other subsequent regulations in T\u00fcrkiye.<\/p><p>As a matter of fact, no statistical data on websites blocked from Turkey was published either by the former Telecommunications Communication Presidency (\u201cTIB\u201d) or its successor Information Technologies and Communication Board (\u201cBTK\u201d). Moreover,<br \/>no statistical data on blocked websites, news articles (URL-based) and\/or social media content has ever been published by the Association of Access Providers (\u201cESB\u201d).<\/p>\t\t\t\t\t\t\t\t<\/div>\n\t\t\t\t<\/div>\n\t\t\t\t\t<\/div>\n\t\t<\/div>\n\t\t\t\t\t<\/div>\n\t\t<\/section>\n\t\t\t\t<section class=\"elementor-section elementor-top-section elementor-element elementor-element-8521549 elementor-section-boxed elementor-section-height-default elementor-section-height-default\" data-id=\"8521549\" data-element_type=\"section\" data-e-type=\"section\">\n\t\t\t\t\t\t<div class=\"elementor-container elementor-column-gap-default\">\n\t\t\t\t\t<div class=\"elementor-column elementor-col-100 elementor-top-column elementor-element elementor-element-640abc8\" data-id=\"640abc8\" data-element_type=\"column\" data-e-type=\"column\">\n\t\t\t<div class=\"elementor-widget-wrap elementor-element-populated\">\n\t\t\t\t\t\t<div class=\"elementor-element elementor-element-49c7a83 elementor-widget elementor-widget-text-editor\" data-id=\"49c7a83\" data-element_type=\"widget\" data-e-type=\"widget\" data-widget_type=\"text-editor.default\">\n\t\t\t\t<div class=\"elementor-widget-container\">\n\t\t\t\t\t\t\t\t\t<p><strong>Blocked content statistics as of December 2023:<\/strong><\/p>\t\t\t\t\t\t\t\t<\/div>\n\t\t\t\t<\/div>\n\t\t\t\t<section class=\"elementor-section elementor-inner-section elementor-element elementor-element-ea86796 elementor-section-content-middle elementor-section-boxed elementor-section-height-default elementor-section-height-default\" data-id=\"ea86796\" data-element_type=\"section\" data-e-type=\"section\">\n\t\t\t\t\t\t<div class=\"elementor-container elementor-column-gap-default\">\n\t\t\t\t\t<div class=\"elementor-column elementor-col-33 elementor-inner-column elementor-element elementor-element-2357b3e\" data-id=\"2357b3e\" data-element_type=\"column\" data-e-type=\"column\">\n\t\t\t<div class=\"elementor-widget-wrap elementor-element-populated\">\n\t\t\t\t\t\t<div class=\"elementor-element elementor-element-1fb2cba elementor-widget elementor-widget-counter\" data-id=\"1fb2cba\" data-element_type=\"widget\" data-e-type=\"widget\" data-widget_type=\"counter.default\">\n\t\t\t\t<div class=\"elementor-widget-container\">\n\t\t\t\t\t\t\t<div class=\"elementor-counter\">\n\t\t\t<div class=\"elementor-counter-title\">Domains<\/div>\t\t\t<div class=\"elementor-counter-number-wrapper\">\n\t\t\t\t<span class=\"elementor-counter-number-prefix\"><\/span>\n\t\t\t\t<span class=\"elementor-counter-number\" data-duration=\"2000\" data-to-value=\"953415\" data-from-value=\"1\" data-delimiter=\",\">1<\/span>\n\t\t\t\t<span class=\"elementor-counter-number-suffix\">+<\/span>\n\t\t\t<\/div>\n\t\t<\/div>\n\t\t\t\t\t\t<\/div>\n\t\t\t\t<\/div>\n\t\t\t\t\t<\/div>\n\t\t<\/div>\n\t\t\t\t<div class=\"elementor-column elementor-col-33 elementor-inner-column elementor-element elementor-element-1fede64\" data-id=\"1fede64\" data-element_type=\"column\" data-e-type=\"column\">\n\t\t\t<div class=\"elementor-widget-wrap elementor-element-populated\">\n\t\t\t\t\t\t<div class=\"elementor-element elementor-element-0a3ec41 elementor-widget elementor-widget-counter\" data-id=\"0a3ec41\" data-element_type=\"widget\" data-e-type=\"widget\" data-widget_type=\"counter.default\">\n\t\t\t\t<div class=\"elementor-widget-container\">\n\t\t\t\t\t\t\t<div class=\"elementor-counter\">\n\t\t\t<div class=\"elementor-counter-title\">URLS<\/div>\t\t\t<div class=\"elementor-counter-number-wrapper\">\n\t\t\t\t<span class=\"elementor-counter-number-prefix\"><\/span>\n\t\t\t\t<span class=\"elementor-counter-number\" data-duration=\"2000\" data-to-value=\"260000\" data-from-value=\"1\" data-delimiter=\",\">1<\/span>\n\t\t\t\t<span class=\"elementor-counter-number-suffix\">+<\/span>\n\t\t\t<\/div>\n\t\t<\/div>\n\t\t\t\t\t\t<\/div>\n\t\t\t\t<\/div>\n\t\t\t\t\t<\/div>\n\t\t<\/div>\n\t\t\t\t<div class=\"elementor-column elementor-col-33 elementor-inner-column elementor-element elementor-element-e34877e\" data-id=\"e34877e\" data-element_type=\"column\" data-e-type=\"column\">\n\t\t\t<div class=\"elementor-widget-wrap elementor-element-populated\">\n\t\t\t\t\t\t<div class=\"elementor-element elementor-element-235d619 elementor-widget elementor-widget-counter\" data-id=\"235d619\" data-element_type=\"widget\" data-e-type=\"widget\" data-widget_type=\"counter.default\">\n\t\t\t\t<div class=\"elementor-widget-container\">\n\t\t\t\t\t\t\t<div class=\"elementor-counter\">\n\t\t\t<div class=\"elementor-counter-title\">Tweets<\/div>\t\t\t<div class=\"elementor-counter-number-wrapper\">\n\t\t\t\t<span class=\"elementor-counter-number-prefix\"><\/span>\n\t\t\t\t<span class=\"elementor-counter-number\" data-duration=\"2000\" data-to-value=\"67100\" data-from-value=\"1\" data-delimiter=\",\">1<\/span>\n\t\t\t\t<span class=\"elementor-counter-number-suffix\">+<\/span>\n\t\t\t<\/div>\n\t\t<\/div>\n\t\t\t\t\t\t<\/div>\n\t\t\t\t<\/div>\n\t\t\t\t\t<\/div>\n\t\t<\/div>\n\t\t\t\t\t<\/div>\n\t\t<\/section>\n\t\t\t\t\t<\/div>\n\t\t<\/div>\n\t\t\t\t\t<\/div>\n\t\t<\/section>\n\t\t\t\t<section class=\"elementor-section elementor-top-section elementor-element elementor-element-4d8ace6 elementor-section-boxed elementor-section-height-default elementor-section-height-default\" data-id=\"4d8ace6\" data-element_type=\"section\" data-e-type=\"section\">\n\t\t\t\t\t\t<div class=\"elementor-container elementor-column-gap-default\">\n\t\t\t\t\t<div class=\"elementor-column elementor-col-100 elementor-top-column elementor-element elementor-element-78c824d\" data-id=\"78c824d\" data-element_type=\"column\" data-e-type=\"column\">\n\t\t\t<div class=\"elementor-widget-wrap elementor-element-populated\">\n\t\t\t\t\t\t<div class=\"elementor-element elementor-element-60ebc4a elementor-widget elementor-widget-text-editor\" data-id=\"60ebc4a\" data-element_type=\"widget\" data-e-type=\"widget\" data-widget_type=\"text-editor.default\">\n\t\t\t\t<div class=\"elementor-widget-container\">\n\t\t\t\t\t\t\t\t\t<p>\u0130F\u00d6D report includes detailed statistical information on blocked websites, news articles (URL-based) and social media content. It is the intention of \u0130F\u00d6D to share such data and analysis with the general public on a regular basis.<\/p><p>You can find EngelliWeb reports at the below links:<\/p>\t\t\t\t\t\t\t\t<\/div>\n\t\t\t\t<\/div>\n\t\t\t\t\t<\/div>\n\t\t<\/div>\n\t\t\t\t\t<\/div>\n\t\t<\/section>\n\t\t\t\t<section class=\"elementor-section elementor-top-section elementor-element elementor-element-45d91f6 elementor-section-boxed elementor-section-height-default elementor-section-height-default\" data-id=\"45d91f6\" data-element_type=\"section\" data-e-type=\"section\">\n\t\t\t\t\t\t<div class=\"elementor-container elementor-column-gap-default\">\n\t\t\t\t\t<div class=\"elementor-column elementor-col-100 elementor-top-column elementor-element elementor-element-873786a\" data-id=\"873786a\" data-element_type=\"column\" data-e-type=\"column\">\n\t\t\t<div class=\"elementor-widget-wrap elementor-element-populated\">\n\t\t\t\t\t\t<div class=\"elementor-element elementor-element-90b67ea elementor-widget elementor-widget-text-editor\" data-id=\"90b67ea\" data-element_type=\"widget\" data-e-type=\"widget\" data-widget_type=\"text-editor.default\">\n\t\t\t\t<div class=\"elementor-widget-container\">\n\t\t\t\t\t\t\t\t\t<ul><li><strong><a href=\"https:\/\/ifade.org.tr\/reports\/EngelliWeb_2022_Eng.pdf\">EngelliWeb 2022: The Constitutional Court in the Shadow of Criminal Judgeships of Peace<\/a><\/strong><\/li><li><strong><a href=\"https:\/\/ifade.org.tr\/reports\/EngelliWeb_2021_Eng.pdf\">EngelliWeb 2021: The Year of the Offended Reputation, Honour and Dignity of High Level Public Personalities<\/a><\/strong><\/li><li><strong><a href=\"https:\/\/ifade.org.tr\/reports\/EngelliWeb_2020_Eng.pdf\">EngelliWeb 2020: Fahrenheit 5651: The Scorching Effect of Censorship<\/a><\/strong><\/li><li><a href=\"https:\/\/ifade.org.tr\/reports\/EngelliWeb_2019_Eng.pdf\"><strong>EngelliWeb 2019<\/strong>:\u00a0<strong>An Iceberg of Unseen Internet Censorship in Turkey<\/strong><\/a><\/li><li><strong><a href=\"https:\/\/ifade.org.tr\/reports\/EngelliWeb_2018_Eng.pdf\">EngelliWeb 2018: An Assesment Report on Blocked Websites, News Articles and Social Media Content from Turkey<\/a><\/strong><\/li><\/ul>\t\t\t\t\t\t\t\t<\/div>\n\t\t\t\t<\/div>\n\t\t\t\t\t<\/div>\n\t\t<\/div>\n\t\t\t\t\t<\/div>\n\t\t<\/section>\n\t\t\t\t<section class=\"elementor-section elementor-top-section elementor-element elementor-element-94db0a9 elementor-section-boxed elementor-section-height-default elementor-section-height-default\" data-id=\"94db0a9\" data-element_type=\"section\" data-e-type=\"section\">\n\t\t\t\t\t\t<div class=\"elementor-container elementor-column-gap-default\">\n\t\t\t\t\t<div class=\"elementor-column elementor-col-100 elementor-top-column elementor-element elementor-element-5bf35c7\" data-id=\"5bf35c7\" data-element_type=\"column\" data-e-type=\"column\">\n\t\t\t<div class=\"elementor-widget-wrap elementor-element-populated\">\n\t\t\t\t\t\t<div class=\"elementor-element elementor-element-b3320f3 elementor-widget-divider--view-line elementor-widget elementor-widget-divider\" data-id=\"b3320f3\" data-element_type=\"widget\" data-e-type=\"widget\" data-widget_type=\"divider.default\">\n\t\t\t\t<div class=\"elementor-widget-container\">\n\t\t\t\t\t\t\t<div class=\"elementor-divider\">\n\t\t\t<span class=\"elementor-divider-separator\">\n\t\t\t\t\t\t<\/span>\n\t\t<\/div>\n\t\t\t\t\t\t<\/div>\n\t\t\t\t<\/div>\n\t\t\t\t<div class=\"elementor-element elementor-element-4f9ec50 elementor-widget elementor-widget-text-editor\" data-id=\"4f9ec50\" data-element_type=\"widget\" data-e-type=\"widget\" data-widget_type=\"text-editor.default\">\n\t\t\t\t<div class=\"elementor-widget-container\">\n\t\t\t\t\t\t\t\t\t<h3 style=\"padding-top: 0.75em;\">OTHER REPORTS<\/h3><ul><li><a href=\"https:\/\/ifade.org.tr\/reports\/IFOD_UPR_Recomm_2024.pdf\"><strong>October 2024 &#8211; UN Universal Periodic Reviews: Report and Recommendations for the UN 2025 Universal Periodic Review on T\u00fcrkiye<\/strong><\/a><\/li><li><strong><a href=\"https:\/\/ifade.org.tr\/reports\/IFOD_CCPR_Submission_2024.pdf\">September 2024 &#8211; Submission to the 142nd Session of the UN Human Rights Committee for Consideration of the State Report of T\u00fcrkiye<\/a><\/strong><\/li><li><a href=\"https:\/\/ifade.org.tr\/reports\/IFOD_UPR_Recomm_2019.pdf\"><strong>November 2019 &#8211; UN Universal Periodic Reviews: Report and Recommendations for the UN 2020 Universal Periodic Review on Turkey<\/strong><\/a><\/li><li><strong><a href=\"https:\/\/ifade.org.tr\/reports\/IFOD_Turkey_Freedom_of_Expression_in_Jeopardy_ENG.pdf\">March 2018 &#8211; Freedom of Expression in Jeopardy &#8211; Violations of the rights of authors, publishers and academics under the state of emergency<br \/><\/a><\/strong><\/li><\/ul>\t\t\t\t\t\t\t\t<\/div>\n\t\t\t\t<\/div>\n\t\t\t\t\t<\/div>\n\t\t<\/div>\n\t\t\t\t\t<\/div>\n\t\t<\/section>\n\t\t\t\t<\/div>\n\t\t","protected":false},"excerpt":{"rendered":"<p>Social Media Report In the report titled Digital Obedience Regime: Social Media Platforms and the Illusion of Transparency in T\u00fcrkiye, prepared by the Freedom of Expression Association (\u0130F\u00d6D) and examining the role of social media platforms in T\u00fcrkiye\u2019s internet censorship ecosystem, it is documented, on the basis of concrete findings, that the current legal regime [&hellip;]<\/p>\n","protected":false},"author":1,"featured_media":0,"parent":54,"menu_order":0,"comment_status":"closed","ping_status":"closed","template":"templates\/full-width-page.php","meta":{"footnotes":""},"class_list":["post-38","page","type-page","status-publish","hentry"],"_links":{"self":[{"href":"https:\/\/ifade.org.tr\/en\/wp-json\/wp\/v2\/pages\/38","targetHints":{"allow":["GET"]}}],"collection":[{"href":"https:\/\/ifade.org.tr\/en\/wp-json\/wp\/v2\/pages"}],"about":[{"href":"https:\/\/ifade.org.tr\/en\/wp-json\/wp\/v2\/types\/page"}],"author":[{"embeddable":true,"href":"https:\/\/ifade.org.tr\/en\/wp-json\/wp\/v2\/users\/1"}],"replies":[{"embeddable":true,"href":"https:\/\/ifade.org.tr\/en\/wp-json\/wp\/v2\/comments?post=38"}],"version-history":[{"count":72,"href":"https:\/\/ifade.org.tr\/en\/wp-json\/wp\/v2\/pages\/38\/revisions"}],"predecessor-version":[{"id":1344,"href":"https:\/\/ifade.org.tr\/en\/wp-json\/wp\/v2\/pages\/38\/revisions\/1344"}],"up":[{"embeddable":true,"href":"https:\/\/ifade.org.tr\/en\/wp-json\/wp\/v2\/pages\/54"}],"wp:attachment":[{"href":"https:\/\/ifade.org.tr\/en\/wp-json\/wp\/v2\/media?parent=38"}],"curies":[{"name":"wp","href":"https:\/\/api.w.org\/{rel}","templated":true}]}}