{"id":394,"date":"2021-01-09T09:00:00","date_gmt":"2021-01-09T06:00:00","guid":{"rendered":"https:\/\/ifade.org.tr\/en\/?page_id=394"},"modified":"2021-01-09T09:45:03","modified_gmt":"2021-01-09T06:45:03","slug":"tiktoks-compliance-with-social-media-law-enables-expansion-of-censorship-regime","status":"publish","type":"page","link":"https:\/\/ifade.org.tr\/en\/press-releases-announcements\/tiktoks-compliance-with-social-media-law-enables-expansion-of-censorship-regime\/","title":{"rendered":"TikTok\u2019s compliance with social media law enables expansion of censorship regime"},"content":{"rendered":"\n<p>(Istanbul, 09 January, 2021) <strong>TikTok\u2019s decision to comply with Turkey\u2019s new repressive laws on social media seriously threatens free speech on its platform and enables the Turkish government to expand its censorship regime<\/strong>, ARTICLE 19 and \u0130F\u00d6D (\u0130fade \u00d6zg\u00fcrl\u00fc\u011f\u00fc Derne\u011fi based in Turkey) said today. The decision, announced today, follows a similar decision by YouTube in December, in spite of calls by civil society not to appoint a local representative.<\/p>\n\n\n\n<p>TikTok\u2019s <a href=\"https:\/\/newsroom.tiktok.com\/tr-tr\/an-update-on-tiktok-in-turkey\">announcement<\/a> of the decision came with a commitment to maintain free expression on its platform. However, the climate for freedom of expression in Turkey is marked by government censorship and imprisonment of dissenting voices. <strong>The amendment to the Internet Law affecting social media companies is part of efforts to expand further government censorship to online speech, and will inevitably result in a major reduction in online freedoms for Turkish people.<\/strong> IF\u00d6D\u2019s <a href=\"https:\/\/ifade.org.tr\/en\/publications\/reports-books\/\">research<\/a> revealed that over 450,000 websites, 140,000 URL addresses, 42,000 tweets and 11,000 YouTube videos are already blocked from Turkey as of October 2020. With a local office, social media companies will be subject to even more content removal requests.<\/p>\n\n\n\n<p><strong>ARTICLE 19\u2019s Head of Europe and Central Asia Sarah Clarke, said:<\/strong><\/p>\n\n\n\n<p>\u201cTikTok may claim it will maintain users\u2019 ability to freely express themselves on its platform in Turkey, but the reality is that this new law makes that impossible. The Turkish government already issues more takedown requests to social media platforms than almost any other country, and under the new law this is likely not only to increase, but social media companies who comply with the law will face far greater pressure to allow these requests.\u201d<\/p>\n\n\n\n<p>\u201cPeople in Turkey have the right to be able to exercise their rights to free expression online and to freely access social media. By appointing a local representative, companies like TikTok seriously risk becoming implicated in rights violations. Until Turkey reforms its law in line with human rights standards, companies who comply with the new law are at risk of their platforms becoming a tool of repression against Turkish people.\u201d<\/p>\n\n\n\n<p><strong>\u0130F\u00d6D\u2019s co-founder, Yaman Akdeniz, said:<\/strong><\/p>\n\n\n\n<p>\u201cTikTok is completely misguided about the situation in Turkey and its compliance with the Turkish law will have serious repercussions for freedom of expression in Turkey. In the absence of due process and an independent judiciary, TikTok and other social media platform providers with a local presence will be complicit in rights violations in Turkey.\u201d<\/p>\n\n\n\n<p><strong>Background<\/strong><\/p>\n\n\n\n<p>The changes to Turkey\u2019s Internet Law in July oblige companies to appoint a local representative or face the threat of advertising bans and subsequently bandwidth reduction of a company\u2019s platforms, potentially leaving them unusable.&nbsp;However, the appointment of a representative in adherence to the law brings with it the obligation to comply with unjustified and politically motivated take-down and content removal requests by the Turkish authorities.<\/p>\n\n\n\n<p>ARTICLE 19, together with Human Rights Watch and \u0130F\u00d6D, have previously <a href=\"https:\/\/ifade.org.tr\/en\/press-releases-announcements\/youtube-precedent-threatens-free-expression\/\">condemned<\/a> a similar decision by YouTube, and continue to urge the repeal of the law by the Turkish government.<\/p>\n","protected":false},"excerpt":{"rendered":"<p>(Istanbul, 09 January, 2021) TikTok\u2019s decision to comply with Turkey\u2019s new repressive laws on social media seriously threatens free speech on its platform and enables the Turkish government to expand its censorship regime, ARTICLE 19 and \u0130F\u00d6D (\u0130fade \u00d6zg\u00fcrl\u00fc\u011f\u00fc Derne\u011fi based in Turkey) said today. The decision, announced today, follows a similar decision by YouTube [&hellip;]<\/p>\n","protected":false},"author":1,"featured_media":0,"parent":87,"menu_order":0,"comment_status":"closed","ping_status":"closed","template":"templates\/full-width-page.php","meta":{"footnotes":""},"class_list":["post-394","page","type-page","status-publish","hentry"],"_links":{"self":[{"href":"https:\/\/ifade.org.tr\/en\/wp-json\/wp\/v2\/pages\/394","targetHints":{"allow":["GET"]}}],"collection":[{"href":"https:\/\/ifade.org.tr\/en\/wp-json\/wp\/v2\/pages"}],"about":[{"href":"https:\/\/ifade.org.tr\/en\/wp-json\/wp\/v2\/types\/page"}],"author":[{"embeddable":true,"href":"https:\/\/ifade.org.tr\/en\/wp-json\/wp\/v2\/users\/1"}],"replies":[{"embeddable":true,"href":"https:\/\/ifade.org.tr\/en\/wp-json\/wp\/v2\/comments?post=394"}],"version-history":[{"count":2,"href":"https:\/\/ifade.org.tr\/en\/wp-json\/wp\/v2\/pages\/394\/revisions"}],"predecessor-version":[{"id":402,"href":"https:\/\/ifade.org.tr\/en\/wp-json\/wp\/v2\/pages\/394\/revisions\/402"}],"up":[{"embeddable":true,"href":"https:\/\/ifade.org.tr\/en\/wp-json\/wp\/v2\/pages\/87"}],"wp:attachment":[{"href":"https:\/\/ifade.org.tr\/en\/wp-json\/wp\/v2\/media?parent=394"}],"curies":[{"name":"wp","href":"https:\/\/api.w.org\/{rel}","templated":true}]}}