{"id":61,"date":"2020-10-10T19:19:12","date_gmt":"2020-10-10T16:19:12","guid":{"rendered":"https:\/\/web.ifade.org.tr\/en\/?page_id=61"},"modified":"2024-08-18T14:25:04","modified_gmt":"2024-08-18T11:25:04","slug":"trial-monitoring-reports","status":"publish","type":"page","link":"https:\/\/ifade.org.tr\/en\/publications\/trial-monitoring-reports\/","title":{"rendered":"Trial Monitoring Reports"},"content":{"rendered":"\t\t<div data-elementor-type=\"wp-page\" data-elementor-id=\"61\" class=\"elementor elementor-61\">\n\t\t\t\t\t\t<section class=\"elementor-section elementor-top-section elementor-element elementor-element-0edfae4 elementor-section-boxed elementor-section-height-default elementor-section-height-default\" data-id=\"0edfae4\" data-element_type=\"section\" data-e-type=\"section\">\n\t\t\t\t\t\t<div class=\"elementor-container elementor-column-gap-default\">\n\t\t\t\t\t<div class=\"elementor-column elementor-col-100 elementor-top-column elementor-element elementor-element-3fcb888\" data-id=\"3fcb888\" data-element_type=\"column\" data-e-type=\"column\">\n\t\t\t<div class=\"elementor-widget-wrap elementor-element-populated\">\n\t\t\t\t\t\t<div class=\"elementor-element elementor-element-2150045b elementor-widget elementor-widget-text-editor\" data-id=\"2150045b\" data-element_type=\"widget\" data-e-type=\"widget\" data-widget_type=\"text-editor.default\">\n\t\t\t\t<div class=\"elementor-widget-container\">\n\t\t\t\t\t\t\t\t\t<strong>Freedom of Expression Association<\/strong> has initiated a trial monitoring project in 2019, through which the Association monitors and reports the cases of a particular concern to the public.\n<!-- \/wp:paragraph -->\t\t\t\t\t\t\t\t<\/div>\n\t\t\t\t<\/div>\n\t\t\t\t<div class=\"elementor-element elementor-element-d974d25 elementor-widget elementor-widget-text-editor\" data-id=\"d974d25\" data-element_type=\"widget\" data-e-type=\"widget\" data-widget_type=\"text-editor.default\">\n\t\t\t\t<div class=\"elementor-widget-container\">\n\t\t\t\t\t\t\t\t\t<ul><li>April 2024 \u2013 Birg\u00fcn Gazetesi and \u0130smail Ar\u0131 Case Monitoring Report *<\/li><li><a href=\"https:\/\/ifade.org.tr\/reports\/davagozlem\/IFOD_ElifSafak_MonitoringReport.pdf\">April 2024 \u2013 Elif \u015eafak Case Monitoring Report<\/a><\/li><li><a href=\"https:\/\/ifade.org.tr\/reports\/davagozlem\/IFOD_KCDP_MonitoringReport.pdf\">March 2024 &#8211; T<span class=\"NormalTextRun SCXW52748095 BCX0\">he<\/span><span class=\"NormalTextRun SCXW52748095 BCX0\"> Association of <\/span><span class=\"NormalTextRun SCXW52748095 BCX0\">We <\/span><span class=\"NormalTextRun SCXW52748095 BCX0\">W<\/span><span class=\"NormalTextRun SCXW52748095 BCX0\">ill Stop Femicide Platform Case Monitoring Report<\/span><\/a><\/li><li style=\"box-sizing: inherit;\"><a style=\"box-sizing: inherit;\" href=\"https:\/\/ifade.org.tr\/reports\/davagozlem\/IFOD_CananCoskun_BarisPehlivan_MonitoringReport.pdf\">March 2024 \u2013 Canan \u00c7o\u015fkun and Bar\u0131\u015f Pehlivan Case Monitoring Report<\/a><\/li><li><a href=\"https:\/\/ifade.org.tr\/reports\/davagozlem\/IFOD_GulsenColakoglu_MonitoringReport.pdf\">February 2024 \u2013 G\u00fcl\u015fen \u00c7olako\u011flu Case Monitoring Report<\/a><\/li><li><a href=\"https:\/\/ifade.org.tr\/reports\/davagozlem\/IFOD_SebnemKorur_MonitoringReport.pdf\">September 2023 &#8211; \u015eebnem Korur Case Monitoring Report<\/a><\/li><li><a href=\"https:\/\/ifade.org.tr\/reports\/davagozlem\/IFOD_CananKaftancioglu_MonitoringReport.pdf\">August 2022 &#8211; Canan Kaftanc\u0131o\u011flu Case Monitoring Report<\/a><\/li><li><a href=\"https:\/\/ifade.org.tr\/reports\/davagozlem\/IFOD_CemSimsek_MonitoringReport.pdf\">June 2022 \u2013 Cem \u015eim\u015fek Case Monitoring Report<\/a><\/li><li><a href=\"https:\/\/ifade.org.tr\/reports\/davagozlem\/IFOD_MustafaKomus_MonitoringReport.pdf\">April 2022 \u2013 Mustafa K\u00f6m\u00fc\u015f Case Monitoring Report<\/a><\/li><li><a href=\"https:\/\/ifade.org.tr\/reports\/davagozlem\/IFOD_CananCoskun_MonitoringReport.pdf\">February 2022 \u2013 Canan Co\u015fkun Case Monitoring Report<\/a><\/li><\/ul>\t\t\t\t\t\t\t\t<\/div>\n\t\t\t\t<\/div>\n\t\t\t\t\t<\/div>\n\t\t<\/div>\n\t\t\t\t\t<\/div>\n\t\t<\/section>\n\t\t\t\t<section class=\"elementor-section elementor-top-section elementor-element elementor-element-711c4a3 elementor-section-boxed elementor-section-height-default elementor-section-height-default\" data-id=\"711c4a3\" data-element_type=\"section\" data-e-type=\"section\">\n\t\t\t\t\t\t<div class=\"elementor-container elementor-column-gap-default\">\n\t\t\t\t\t<div class=\"elementor-column elementor-col-100 elementor-top-column elementor-element elementor-element-65feac9\" data-id=\"65feac9\" data-element_type=\"column\" data-e-type=\"column\">\n\t\t\t<div class=\"elementor-widget-wrap elementor-element-populated\">\n\t\t\t\t\t\t<div class=\"elementor-element elementor-element-2a16ecc elementor-widget elementor-widget-text-editor\" data-id=\"2a16ecc\" data-element_type=\"widget\" data-e-type=\"widget\" data-widget_type=\"text-editor.default\">\n\t\t\t\t<div class=\"elementor-widget-container\">\n\t\t\t\t\t\t\t\t\t<p style=\"text-align: right;\"><em>* Translation of the relevant document is ongoing; you can access the original document from the <a href=\"https:\/\/ifade.org.tr\/yayinlar\/dava-gozlem-raporlari\/\">Turkish<\/a> section.<\/em><\/p>\t\t\t\t\t\t\t\t<\/div>\n\t\t\t\t<\/div>\n\t\t\t\t\t<\/div>\n\t\t<\/div>\n\t\t\t\t\t<\/div>\n\t\t<\/section>\n\t\t\t\t<\/div>\n\t\t","protected":false},"excerpt":{"rendered":"<p>Freedom of Expression Association has initiated a trial monitoring project in 2019, through which the Association monitors and reports the cases of a particular concern to the public. April 2024 \u2013 Birg\u00fcn Gazetesi and \u0130smail Ar\u0131 Case Monitoring Report * April 2024 \u2013 Elif \u015eafak Case Monitoring Report March 2024 &#8211; The Association of We [&hellip;]<\/p>\n","protected":false},"author":1,"featured_media":80,"parent":54,"menu_order":0,"comment_status":"closed","ping_status":"closed","template":"templates\/full-width-page.php","meta":{"footnotes":""},"class_list":["post-61","page","type-page","status-publish","has-post-thumbnail","hentry"],"_links":{"self":[{"href":"https:\/\/ifade.org.tr\/en\/wp-json\/wp\/v2\/pages\/61","targetHints":{"allow":["GET"]}}],"collection":[{"href":"https:\/\/ifade.org.tr\/en\/wp-json\/wp\/v2\/pages"}],"about":[{"href":"https:\/\/ifade.org.tr\/en\/wp-json\/wp\/v2\/types\/page"}],"author":[{"embeddable":true,"href":"https:\/\/ifade.org.tr\/en\/wp-json\/wp\/v2\/users\/1"}],"replies":[{"embeddable":true,"href":"https:\/\/ifade.org.tr\/en\/wp-json\/wp\/v2\/comments?post=61"}],"version-history":[{"count":46,"href":"https:\/\/ifade.org.tr\/en\/wp-json\/wp\/v2\/pages\/61\/revisions"}],"predecessor-version":[{"id":1208,"href":"https:\/\/ifade.org.tr\/en\/wp-json\/wp\/v2\/pages\/61\/revisions\/1208"}],"up":[{"embeddable":true,"href":"https:\/\/ifade.org.tr\/en\/wp-json\/wp\/v2\/pages\/54"}],"wp:featuredmedia":[{"embeddable":true,"href":"https:\/\/ifade.org.tr\/en\/wp-json\/wp\/v2\/media\/80"}],"wp:attachment":[{"href":"https:\/\/ifade.org.tr\/en\/wp-json\/wp\/v2\/media?parent=61"}],"curies":[{"name":"wp","href":"https:\/\/api.w.org\/{rel}","templated":true}]}}