{"id":973,"date":"2023-02-09T00:40:26","date_gmt":"2023-02-08T21:40:26","guid":{"rendered":"https:\/\/ifade.org.tr\/en\/?page_id=973"},"modified":"2023-02-09T00:50:00","modified_gmt":"2023-02-08T21:50:00","slug":"constitutional-court-third-party-interventions","status":"publish","type":"page","link":"https:\/\/ifade.org.tr\/en\/publications\/constitutional-court-third-party-interventions\/","title":{"rendered":"Constitutional Court Third Party Interventions"},"content":{"rendered":"\t\t<div data-elementor-type=\"wp-page\" data-elementor-id=\"973\" class=\"elementor elementor-973\">\n\t\t\t\t\t\t<section class=\"elementor-section elementor-top-section elementor-element elementor-element-4423a92 elementor-section-boxed elementor-section-height-default elementor-section-height-default\" data-id=\"4423a92\" data-element_type=\"section\" data-e-type=\"section\">\n\t\t\t\t\t\t<div class=\"elementor-container elementor-column-gap-default\">\n\t\t\t\t\t<div class=\"elementor-column elementor-col-100 elementor-top-column elementor-element elementor-element-104d3e1\" data-id=\"104d3e1\" data-element_type=\"column\" data-e-type=\"column\">\n\t\t\t<div class=\"elementor-widget-wrap elementor-element-populated\">\n\t\t\t\t\t\t<div class=\"elementor-element elementor-element-fcf8d55 elementor-widget elementor-widget-text-editor\" data-id=\"fcf8d55\" data-element_type=\"widget\" data-e-type=\"widget\" data-widget_type=\"text-editor.default\">\n\t\t\t\t<div class=\"elementor-widget-container\">\n\t\t\t\t\t\t\t\t\t<p align=\"justify\"><span lang=\"en-US\"><b>Freedom of Expression Association <\/b><\/span><span lang=\"en-GB\">intervenes to cases lodged before the Constitutional Court as a <\/span><span lang=\"en-GB\">Third Party<\/span><span lang=\"en-GB\">. <\/span><span lang=\"en-GB\">Therefore, \u0130F\u00d6D provides third party expert legal opinions to the Constitutional Court of the Republic of T\u00fcrkiye.<\/span><\/p>\t\t\t\t\t\t\t\t<\/div>\n\t\t\t\t<\/div>\n\t\t\t\t\t<\/div>\n\t\t<\/div>\n\t\t\t\t\t<\/div>\n\t\t<\/section>\n\t\t\t\t<section class=\"elementor-section elementor-top-section elementor-element elementor-element-70d7dd7 elementor-section-boxed elementor-section-height-default elementor-section-height-default\" data-id=\"70d7dd7\" data-element_type=\"section\" data-e-type=\"section\">\n\t\t\t\t\t\t<div class=\"elementor-container elementor-column-gap-default\">\n\t\t\t\t\t<div class=\"elementor-column elementor-col-100 elementor-top-column elementor-element elementor-element-4d4cb21\" data-id=\"4d4cb21\" data-element_type=\"column\" data-e-type=\"column\">\n\t\t\t<div class=\"elementor-widget-wrap elementor-element-populated\">\n\t\t\t\t\t\t<div class=\"elementor-element elementor-element-d1a5a9d elementor-widget elementor-widget-text-editor\" data-id=\"d1a5a9d\" data-element_type=\"widget\" data-e-type=\"widget\" data-widget_type=\"text-editor.default\">\n\t\t\t\t<div class=\"elementor-widget-container\">\n\t\t\t\t\t\t\t\t\t<ul>\n \t<li><a href=\"https:\/\/ifade.org.tr\/reports\/aym\/IFOD_AYM_F.E._AmicusCuriae_EN.pdf\" target=\"_blank\" rel=\"noopener\">January 2023 &#8211; Third Party Opinion Submitted to the Application of the Applicant F.E.<\/a><\/li>\n \t<li><a href=\"https:\/\/ifade.org.tr\/reports\/aym\/IFOD_AYM_A.K._AmicusCuriae_EN.pdf\" target=\"_blank\" rel=\"noopener\">January 2023 &#8211; Third Party Opinion Submitted to the Application of the Applicant A.K.<\/a><\/li>\n \t<li><a href=\"https:\/\/ifade.org.tr\/reports\/aym\/IFOD_AYM_N.M._AmicusCuriae_EN.pdf\" target=\"_blank\" rel=\"noopener\">December 2022 &#8211; Third Party Opinion Submitted to the Application of the Applicant N.M.<\/a><\/li>\n \t<li><a href=\"https:\/\/ifade.org.tr\/reports\/aym\/IFOD_AYM_H.I._AmicusCuriae_EN.pdf\" target=\"_blank\" rel=\"noopener\">November 2022 &#8211; Third Party Opinion Submitted to the Application of the Applicant H.I.<\/a><\/li>\n \t<li><a href=\"https:\/\/ifade.org.tr\/reports\/aym\/IFOD_AYM_M.C.Y._AmicusCuriae_EN.pdf\" target=\"_blank\" rel=\"noopener\">September 2022 &#8211; Third Party Opinion Submitted to the Application of the Applicant M.C.Y.<\/a><\/li>\n<\/ul>\t\t\t\t\t\t\t\t<\/div>\n\t\t\t\t<\/div>\n\t\t\t\t\t<\/div>\n\t\t<\/div>\n\t\t\t\t\t<\/div>\n\t\t<\/section>\n\t\t\t\t<\/div>\n\t\t","protected":false},"excerpt":{"rendered":"<p>Freedom of Expression Association intervenes to cases lodged before the Constitutional Court as a Third Party. Therefore, \u0130F\u00d6D provides third party expert legal opinions to the Constitutional Court of the Republic of T\u00fcrkiye. January 2023 &#8211; Third Party Opinion Submitted to the Application of the Applicant F.E. January 2023 &#8211; Third Party Opinion Submitted to [&hellip;]<\/p>\n","protected":false},"author":1,"featured_media":0,"parent":54,"menu_order":4,"comment_status":"closed","ping_status":"closed","template":"templates\/full-width-page.php","meta":{"footnotes":""},"class_list":["post-973","page","type-page","status-publish","hentry"],"_links":{"self":[{"href":"https:\/\/ifade.org.tr\/en\/wp-json\/wp\/v2\/pages\/973","targetHints":{"allow":["GET"]}}],"collection":[{"href":"https:\/\/ifade.org.tr\/en\/wp-json\/wp\/v2\/pages"}],"about":[{"href":"https:\/\/ifade.org.tr\/en\/wp-json\/wp\/v2\/types\/page"}],"author":[{"embeddable":true,"href":"https:\/\/ifade.org.tr\/en\/wp-json\/wp\/v2\/users\/1"}],"replies":[{"embeddable":true,"href":"https:\/\/ifade.org.tr\/en\/wp-json\/wp\/v2\/comments?post=973"}],"version-history":[{"count":5,"href":"https:\/\/ifade.org.tr\/en\/wp-json\/wp\/v2\/pages\/973\/revisions"}],"predecessor-version":[{"id":979,"href":"https:\/\/ifade.org.tr\/en\/wp-json\/wp\/v2\/pages\/973\/revisions\/979"}],"up":[{"embeddable":true,"href":"https:\/\/ifade.org.tr\/en\/wp-json\/wp\/v2\/pages\/54"}],"wp:attachment":[{"href":"https:\/\/ifade.org.tr\/en\/wp-json\/wp\/v2\/media?parent=973"}],"curies":[{"name":"wp","href":"https:\/\/api.w.org\/{rel}","templated":true}]}}